{"id":16562,"date":"2019-09-10T13:45:59","date_gmt":"2019-09-10T12:45:59","guid":{"rendered":"https:\/\/degrek.com\/produit\/pieces-scialytique\/"},"modified":"2026-01-08T11:08:54","modified_gmt":"2026-01-08T10:08:54","slug":"parts-for-operating-lights","status":"publish","type":"product","link":"https:\/\/degrek.com\/en\/product\/parts-for-operating-lights\/","title":{"rendered":"Parts for operating lights"},"content":{"rendered":"[vc_row type=&#8221;in_container&#8221; full_screen_row_position=&#8221;middle&#8221; column_margin=&#8221;default&#8221; column_direction=&#8221;default&#8221; column_direction_tablet=&#8221;default&#8221; column_direction_phone=&#8221;default&#8221; scene_position=&#8221;center&#8221; text_color=&#8221;dark&#8221; text_align=&#8221;left&#8221; row_border_radius=&#8221;none&#8221; row_border_radius_applies=&#8221;bg&#8221; id=&#8221;description&#8221; overlay_strength=&#8221;0.3&#8243; gradient_direction=&#8221;left_to_right&#8221; shape_divider_position=&#8221;bottom&#8221; bg_image_animation=&#8221;none&#8221; shape_type=&#8221;&#8221;][vc_column column_padding=&#8221;no-extra-padding&#8221; column_padding_tablet=&#8221;inherit&#8221; column_padding_phone=&#8221;inherit&#8221; column_padding_position=&#8221;all&#8221; background_color_opacity=&#8221;1&#8243; background_hover_color_opacity=&#8221;1&#8243; column_shadow=&#8221;none&#8221; column_border_radius=&#8221;none&#8221; column_link_target=&#8221;_self&#8221; gradient_direction=&#8221;left_to_right&#8221; overlay_strength=&#8221;0.3&#8243; width=&#8221;1\/1&#8243; tablet_width_inherit=&#8221;default&#8221; tablet_text_alignment=&#8221;default&#8221; phone_text_alignment=&#8221;default&#8221; column_border_width=&#8221;none&#8221; column_border_style=&#8221;solid&#8221; bg_image_animation=&#8221;none&#8221;]\n<div class=\"wpdt-c wdt-skin-light\">\n    \n<input type=\"hidden\" id=\"wdtNonceFrontendEdit_5\" name=\"wdtNonceFrontendEdit_5\" value=\"adcb23c735\" \/><input type=\"hidden\" name=\"_wp_http_referer\" value=\"\/en\/wp-json\/wp\/v2\/product\/16562\" \/>    <input type=\"hidden\" id=\"table_1_desc\"\n           value='{\"tableId\":\"table_1\",\"tableType\":\"xls\",\"selector\":\"#table_1\",\"responsive\":false,\"responsiveAction\":\"icon\",\"editable\":false,\"inlineEditing\":false,\"infoBlock\":true,\"pagination\":true,\"paginationAlign\":\"right\",\"paginationLayout\":\"full_numbers\",\"paginationLayoutMobile\":\"simple\",\"file_location\":\"\",\"tableSkin\":\"light\",\"scrollable\":false,\"globalSearch\":true,\"showRowsPerPage\":true,\"popoverTools\":false,\"hideBeforeLoad\":true,\"number_format\":2,\"decimalPlaces\":2,\"spinnerSrc\":\"https:\\\/\\\/degrek.com\\\/wp-content\\\/plugins\\\/wpdatatables\\\/assets\\\/\\\/img\\\/spinner.gif\",\"groupingEnabled\":true,\"groupingColumnIndex\":0,\"tableWpId\":5,\"dataTableParams\":{\"sDom\":\"BT\\u003C\\u0027clear\\u0027\\u003Elftip\",\"bSortCellsTop\":false,\"bFilter\":true,\"bPaginate\":true,\"sPaginationType\":\"full_numbers\",\"aLengthMenu\":[[1,5,10,25,50,100,-1],[1,5,10,25,50,100,\"All\"]],\"iDisplayLength\":-1,\"columnDefs\":[{\"sType\":\"string\",\"wdtType\":\"string\",\"bVisible\":true,\"orderable\":true,\"searchable\":true,\"InputType\":\"none\",\"name\":\"APPAREIL CONCERN\\u00c9\",\"origHeader\":\"APPAREIL CONCERN\\u00c9\",\"notNull\":false,\"conditionalFormattingRules\":[],\"className\":\" column-appareil-concern\",\"aTargets\":[0]},{\"sType\":\"string\",\"wdtType\":\"string\",\"bVisible\":true,\"orderable\":true,\"searchable\":true,\"InputType\":\"text\",\"name\":\"REF\",\"origHeader\":\"REF\",\"notNull\":false,\"conditionalFormattingRules\":[],\"className\":\" column-ref\",\"aTargets\":[1]},{\"sType\":\"string\",\"wdtType\":\"string\",\"bVisible\":true,\"orderable\":true,\"searchable\":true,\"InputType\":\"text\",\"name\":\"D\\u00c9SIGNATION\",\"origHeader\":\"D\\u00c9SIGNATION\",\"notNull\":false,\"conditionalFormattingRules\":[],\"className\":\" column-dsignation\",\"aTargets\":[2]}],\"bAutoWidth\":false,\"order\":[[0,\"asc\"]],\"ordering\":true,\"fixedHeader\":{\"header\":false,\"headerOffset\":0},\"fixedColumns\":false,\"buttons\":[{\"extend\":\"print\",\"exportOptions\":{\"columns\":\":visible\",\"stripHtml\":true},\"className\":\"DTTT_button DTTT_button_print\",\"title\":\"Pieces Detachees Scialytiques FR\",\"text\":\"Print\"},{\"extend\":\"excelHtml5\",\"exportOptions\":{\"columns\":\":visible\",\"stripHtml\":true},\"className\":\"DTTT_button DTTT_button_xls\",\"filename\":\"Pieces Detachees Scialytiques FR\",\"title\":null,\"text\":\"Excel\"},{\"extend\":\"csvHtml5\",\"exportOptions\":{\"columns\":\":visible\",\"stripHtml\":true},\"className\":\"DTTT_button DTTT_button_csv\",\"title\":\"Pieces Detachees Scialytiques FR\",\"text\":\"CSV\"},{\"extend\":\"copyHtml5\",\"exportOptions\":{\"columns\":\":visible\",\"stripHtml\":true},\"className\":\"DTTT_button DTTT_button_copy\",\"filename\":\"Pieces Detachees Scialytiques FR\",\"title\":null,\"text\":\"Copy\"}],\"oLanguage\":{\"sSearchPlaceholder\":\"\"},\"bProcessing\":false,\"oSearch\":{\"bSmart\":false,\"bRegex\":false,\"sSearch\":\"\"}},\"tabletWidth\":\"1024\",\"mobileWidth\":\"480\",\"renderFilter\":\"footer\",\"advancedFilterEnabled\":true,\"advancedFilterOptions\":{\"aoColumns\":[{\"type\":\"text\",\"columnType\":\"string\",\"numberOfDecimalPlaces\":\"2\",\"possibleValuesType\":\"read\",\"globalSearchColumn\":1,\"values\":null,\"origHeader\":\"APPAREIL CONCERN\\u00c9\",\"displayHeader\":\"APPAREIL CONCERN\\u00c9\",\"possibleValuesAddEmpty\":false,\"possibleValuesAjax\":10,\"column_align_fields\":\"\",\"defaultValue\":\"\",\"column_align_header\":\"\",\"column_rotate_header_name\":\"\",\"exactFiltering\":false,\"filterLabel\":\"\",\"searchInSelectBox\":1,\"searchInSelectBoxEditing\":1,\"checkboxesInModal\":0,\"andLogic\":0,\"linkButtonLabel\":\"\",\"rangeSlider\":false,\"rangeMaxValueDisplay\":\"0\",\"customMaxRangeValue\":\"0\"},{\"type\":\"text\",\"columnType\":\"string\",\"numberOfDecimalPlaces\":\"2\",\"possibleValuesType\":\"read\",\"globalSearchColumn\":1,\"values\":null,\"origHeader\":\"REF\",\"displayHeader\":\"REF\",\"possibleValuesAddEmpty\":false,\"possibleValuesAjax\":10,\"column_align_fields\":\"\",\"defaultValue\":\"\",\"column_align_header\":\"\",\"column_rotate_header_name\":\"\",\"exactFiltering\":false,\"filterLabel\":\"\",\"searchInSelectBox\":1,\"searchInSelectBoxEditing\":1,\"checkboxesInModal\":0,\"andLogic\":0,\"linkButtonLabel\":\"\",\"rangeSlider\":false,\"rangeMaxValueDisplay\":\"0\",\"customMaxRangeValue\":\"0\"},{\"type\":\"text\",\"columnType\":\"string\",\"numberOfDecimalPlaces\":\"2\",\"possibleValuesType\":\"read\",\"globalSearchColumn\":1,\"values\":null,\"origHeader\":\"D\\u00c9SIGNATION\",\"displayHeader\":\"D\\u00c9SIGNATION\",\"possibleValuesAddEmpty\":false,\"possibleValuesAjax\":10,\"column_align_fields\":\"\",\"defaultValue\":\"\",\"column_align_header\":\"\",\"column_rotate_header_name\":\"\",\"exactFiltering\":false,\"filterLabel\":\"\",\"searchInSelectBox\":1,\"searchInSelectBoxEditing\":1,\"checkboxesInModal\":0,\"andLogic\":0,\"linkButtonLabel\":\"\",\"rangeSlider\":false,\"rangeMaxValueDisplay\":\"0\",\"customMaxRangeValue\":\"0\"}],\"bUseColVis\":true},\"filterInForm\":false,\"serverSide\":false,\"columnsFixed\":0,\"sumFunctionsLabel\":\"\",\"avgFunctionsLabel\":\"\",\"minFunctionsLabel\":\"\",\"maxFunctionsLabel\":\"yoann\",\"columnsDecimalPlaces\":{\"APPAREIL CONCERN\\u00c9\":-1,\"REF\":-1,\"D\\u00c9SIGNATION\":-1},\"columnsThousandsSeparator\":[],\"sumColumns\":[],\"avgColumns\":[],\"sumAvgColumns\":[],\"timeFormat\":\"h:i A\",\"datepickFormat\":\"dd\\\/mm\\\/yy\"}'\/>\n\n    <table id=\"table_1\"\n           class=\" wpdt-has-grouping   display nowrap data-t data-t wpDataTable wpDataTableID-5\"\n           style=\"display: none; \"\n           data-described-by='table_1_desc'\n           data-wpdatatable_id=\"5\">\n        \n        <!-- Table header -->\n        \n<thead>\n<tr>\n                    <th\n        data-class=\"expand\"                class=\" wdtheader sort \"\n        style=\"\">APPAREIL CONCERN\u00c9<\/th>        <th\n                        class=\" wdtheader sort \"\n        style=\"\">REF<\/th>        <th\n                        class=\" wdtheader sort \"\n        style=\"\">D\u00c9SIGNATION<\/th>    <\/tr>\n<\/thead>\n        <!-- \/Table header -->\n\n        <!-- Table body -->\n        \n<tbody>\n            <tr id=\"table_5_row_0\">\n                            <td style=\"\">LOLe 1<\/td>\n                            <td style=\"\">LO1_COUV_AR<\/td>\n                            <td style=\"\">Couvercle arri\u00e8re t\u00eate LOLe 1<\/td>\n                    <\/tr>\n                <tr id=\"table_5_row_1\">\n                            <td style=\"\">LOLe 1<\/td>\n                            <td style=\"\">LO1_HANDLESET<\/td>\n                            <td style=\"\">Lot de 6 poign\u00e9es + acc. LOL\u00e9 1<\/td>\n                    <\/tr>\n                <tr id=\"table_5_row_2\">\n                            <td style=\"\">LOLe 1<\/td>\n                            <td style=\"\">LO1_VISIERE<\/td>\n                            <td style=\"\">Visi\u00e8re LOLe 1<\/td>\n                    <\/tr>\n                <tr id=\"table_5_row_3\">\n                            <td style=\"\">LOLe 2<\/td>\n                            <td style=\"\">LO2_CACHE_ROND<\/td>\n                            <td style=\"\">Cache rond LOL\u00e9<\/td>\n                    <\/tr>\n                <tr id=\"table_5_row_4\">\n                            <td style=\"\">LOLe 2<\/td>\n                            <td style=\"\">LO2_VISIERE<\/td>\n                            <td style=\"\">Visi\u00e8re LOL\u00e9 2<\/td>\n                    <\/tr>\n                <tr id=\"table_5_row_5\">\n                            <td style=\"\">LOLe 2<\/td>\n                            <td style=\"\">LO2_HANDLE4<\/td>\n                            <td style=\"\">Lot de 4 poign\u00e9es st\u00e9rilisables LOL\u00e9 2<\/td>\n                    <\/tr>\n                <tr id=\"table_5_row_6\">\n                            <td style=\"\">LOLe 2<\/td>\n                            <td style=\"\">LO2_COU<\/td>\n                            <td style=\"\">Cache cou LOL\u00e9 2<\/td>\n                    <\/tr>\n    <\/tbody>        <!-- \/Table body -->\n\n        <!-- Table footer -->\n        \n    <tfoot>\n                <tr >\n                            <td\n                class=\"wdtheader sort \"\n                style=\"\">APPAREIL CONCERN\u00c9<\/td>                <td\n                class=\"wdtheader sort \"\n                style=\"\">REF<\/td>                <td\n                class=\"wdtheader sort \"\n                style=\"\">D\u00c9SIGNATION<\/td>        <\/tr>\n                            <\/tfoot>\n        <!-- \/Table footer -->\n    <\/table>\n\n<\/div><style>\ntable.wpDataTable { table-layout: fixed !important; }\ntable.wpDataTable td, table.wpDataTable th { white-space: normal !important; }\n.wpDataTablesWrapper table.wpDataTable tr td:first-child {font-weight:900 !important;} .wpDataTablesWrapper table.wpDataTable td {font-size:12px; line-height:17px;} .wpDataTablesWrapper div.dt-buttons {margin-right:0px !important;} .wpDataTablesWrapper .dataTables_length {margin-left:10px;} .wpDataTablesWrapper table.scroll, .wpdt-c .wpDataTablesWrapper table {width:100% !important;} .wpDataTablesWrapper table.scroll {width:100% !important;} .wpdt-c .form-control:not(.fc-alt) {background:transparent;} .wpDataTablesWrapper table.wpDataTable tr td:first-child {background:#fff;} td.group {color:#2ac4ea; font-size:16px !important; padding-top:30px !important;} td.numdata.float {text-align:right !important;}.wpDataTablesWrapper a.DTTT_button {font-size:.9em !important;} .wpDataTablesWrapper table.wpDataTable > thead > tr > th {line-height:18px; vertical-align:bottom;}table.wpDataTable td.numdata { text-align: right !important; }\n<\/style>\n<style>\n<\/style>\n[\/vc_column][\/vc_row]\n","protected":false},"excerpt":{"rendered":"[button open_new_tab=\"\" color=\"extra-color-gradient-1\" hover_text_color_override=\"#fff\" size=\"large\" url=\"#description\" text=\"Find my reference\" color_override=\"\"]\n<p>For any request, please use our references exclusively.<br \/>\nFor very specific parts, please contact our technical service, who after analysis, will provide you with all the useful information. \u00a0\u2192\u00a0 <strong><u><a href=\"https:\/\/degrek.com\/en\/degre-k\/contact\/#nousecrire\">write us<\/a><\/u><\/strong><\/p>\n<p style=\"font-size: 12px; line-height: 15px; padding-bottom: 0px; opacity: .7;\"><strong>Minimum basket to order = 50 \u20ac TTC.<\/strong><\/p>\n<p style=\"font-size: 12px; line-height: 15px; padding-bottom: 0px; opacity: .7;\"><strong>For orders of less than \u20ac 200 including tax: management fee flat rate of \u20ac 12 including tax.<\/strong><\/p>\n","protected":false},"featured_media":16564,"template":"","meta":[],"product_brand":[],"product_cat":[354],"product_tag":[],"class_list":{"0":"post-16562","1":"product","2":"type-product","3":"status-publish","4":"has-post-thumbnail","6":"product_cat-light-tubes-spareparts","7":"product_shipping_class-tubes-spareparts","8":"tm-has-options","10":"first","11":"instock","12":"taxable","13":"shipping-taxable","14":"purchasable","15":"product-type-simple"},"yoast_head":"<!-- This site is optimized with the Yoast SEO plugin v26.8 - https:\/\/yoast.com\/product\/yoast-seo-wordpress\/ -->\n<title>Parts for operating lights - Degr\u00e9 K<\/title>\n<meta name=\"robots\" content=\"index, follow, max-snippet:-1, max-image-preview:large, max-video-preview:-1\" \/>\n<link rel=\"canonical\" href=\"https:\/\/degrek.com\/en\/product\/parts-for-operating-lights\/\" \/>\n<meta property=\"og:locale\" content=\"en_US\" \/>\n<meta property=\"og:type\" content=\"article\" \/>\n<meta property=\"og:title\" content=\"Parts for operating lights - Degr\u00e9 K\" \/>\n<meta property=\"og:description\" content=\"For any request, please use our references exclusively. For very specific parts, please contact our technical service, who after analysis, will provide you with all the useful information. \u00a0\u2192\u00a0 write us Minimum basket to order = 50 \u20ac TTC. For orders of less than \u20ac 200 including tax: management fee flat rate of \u20ac 12 including tax.\" \/>\n<meta property=\"og:url\" content=\"https:\/\/degrek.com\/en\/product\/parts-for-operating-lights\/\" \/>\n<meta property=\"og:site_name\" content=\"Degr\u00e9 K\" \/>\n<meta property=\"article:modified_time\" content=\"2026-01-08T10:08:54+00:00\" \/>\n<meta property=\"og:image\" content=\"https:\/\/degrek.com\/wp-content\/uploads\/2019\/09\/sciaytique.jpg\" \/>\n\t<meta property=\"og:image:width\" content=\"2200\" \/>\n\t<meta property=\"og:image:height\" content=\"2200\" \/>\n\t<meta property=\"og:image:type\" content=\"image\/jpeg\" \/>\n<meta name=\"twitter:card\" content=\"summary_large_image\" \/>\n<meta name=\"twitter:label1\" content=\"Est. reading time\" \/>\n\t<meta name=\"twitter:data1\" content=\"1 minute\" \/>\n<script type=\"application\/ld+json\" class=\"yoast-schema-graph\">{\"@context\":\"https:\/\/schema.org\",\"@graph\":[{\"@type\":\"WebPage\",\"@id\":\"https:\/\/degrek.com\/en\/product\/parts-for-operating-lights\/\",\"url\":\"https:\/\/degrek.com\/en\/product\/parts-for-operating-lights\/\",\"name\":\"Parts for operating lights - Degr\u00e9 K\",\"isPartOf\":{\"@id\":\"https:\/\/degrek.com\/en\/#website\"},\"primaryImageOfPage\":{\"@id\":\"https:\/\/degrek.com\/en\/product\/parts-for-operating-lights\/#primaryimage\"},\"image\":{\"@id\":\"https:\/\/degrek.com\/en\/product\/parts-for-operating-lights\/#primaryimage\"},\"thumbnailUrl\":\"https:\/\/degrek.com\/wp-content\/uploads\/2019\/09\/sciaytique.jpg\",\"datePublished\":\"2019-09-10T12:45:59+00:00\",\"dateModified\":\"2026-01-08T10:08:54+00:00\",\"breadcrumb\":{\"@id\":\"https:\/\/degrek.com\/en\/product\/parts-for-operating-lights\/#breadcrumb\"},\"inLanguage\":\"en-US\",\"potentialAction\":[{\"@type\":\"ReadAction\",\"target\":[\"https:\/\/degrek.com\/en\/product\/parts-for-operating-lights\/\"]}]},{\"@type\":\"ImageObject\",\"inLanguage\":\"en-US\",\"@id\":\"https:\/\/degrek.com\/en\/product\/parts-for-operating-lights\/#primaryimage\",\"url\":\"https:\/\/degrek.com\/wp-content\/uploads\/2019\/09\/sciaytique.jpg\",\"contentUrl\":\"https:\/\/degrek.com\/wp-content\/uploads\/2019\/09\/sciaytique.jpg\",\"width\":2200,\"height\":2200},{\"@type\":\"BreadcrumbList\",\"@id\":\"https:\/\/degrek.com\/en\/product\/parts-for-operating-lights\/#breadcrumb\",\"itemListElement\":[{\"@type\":\"ListItem\",\"position\":1,\"name\":\"Accueil\",\"item\":\"https:\/\/degrek.com\/en\/\"},{\"@type\":\"ListItem\",\"position\":2,\"name\":\"All our products\",\"item\":\"https:\/\/degrek.com\/en\/shop\/\"},{\"@type\":\"ListItem\",\"position\":3,\"name\":\"Parts for operating lights\"}]},{\"@type\":\"WebSite\",\"@id\":\"https:\/\/degrek.com\/en\/#website\",\"url\":\"https:\/\/degrek.com\/en\/\",\"name\":\"Degr\u00e9 K\",\"description\":\"L&#039;\u00e9clairage dentaire\",\"potentialAction\":[{\"@type\":\"SearchAction\",\"target\":{\"@type\":\"EntryPoint\",\"urlTemplate\":\"https:\/\/degrek.com\/en\/?s={search_term_string}\"},\"query-input\":{\"@type\":\"PropertyValueSpecification\",\"valueRequired\":true,\"valueName\":\"search_term_string\"}}],\"inLanguage\":\"en-US\"}]}<\/script>\n<!-- \/ Yoast SEO plugin. -->","yoast_head_json":{"title":"Parts for operating lights - Degr\u00e9 K","robots":{"index":"index","follow":"follow","max-snippet":"max-snippet:-1","max-image-preview":"max-image-preview:large","max-video-preview":"max-video-preview:-1"},"canonical":"https:\/\/degrek.com\/en\/product\/parts-for-operating-lights\/","og_locale":"en_US","og_type":"article","og_title":"Parts for operating lights - Degr\u00e9 K","og_description":"For any request, please use our references exclusively. For very specific parts, please contact our technical service, who after analysis, will provide you with all the useful information. \u00a0\u2192\u00a0 write us Minimum basket to order = 50 \u20ac TTC. For orders of less than \u20ac 200 including tax: management fee flat rate of \u20ac 12 including tax.","og_url":"https:\/\/degrek.com\/en\/product\/parts-for-operating-lights\/","og_site_name":"Degr\u00e9 K","article_modified_time":"2026-01-08T10:08:54+00:00","og_image":[{"width":2200,"height":2200,"url":"https:\/\/degrek.com\/wp-content\/uploads\/2019\/09\/sciaytique.jpg","type":"image\/jpeg"}],"twitter_card":"summary_large_image","twitter_misc":{"Est. reading time":"1 minute"},"schema":{"@context":"https:\/\/schema.org","@graph":[{"@type":"WebPage","@id":"https:\/\/degrek.com\/en\/product\/parts-for-operating-lights\/","url":"https:\/\/degrek.com\/en\/product\/parts-for-operating-lights\/","name":"Parts for operating lights - Degr\u00e9 K","isPartOf":{"@id":"https:\/\/degrek.com\/en\/#website"},"primaryImageOfPage":{"@id":"https:\/\/degrek.com\/en\/product\/parts-for-operating-lights\/#primaryimage"},"image":{"@id":"https:\/\/degrek.com\/en\/product\/parts-for-operating-lights\/#primaryimage"},"thumbnailUrl":"https:\/\/degrek.com\/wp-content\/uploads\/2019\/09\/sciaytique.jpg","datePublished":"2019-09-10T12:45:59+00:00","dateModified":"2026-01-08T10:08:54+00:00","breadcrumb":{"@id":"https:\/\/degrek.com\/en\/product\/parts-for-operating-lights\/#breadcrumb"},"inLanguage":"en-US","potentialAction":[{"@type":"ReadAction","target":["https:\/\/degrek.com\/en\/product\/parts-for-operating-lights\/"]}]},{"@type":"ImageObject","inLanguage":"en-US","@id":"https:\/\/degrek.com\/en\/product\/parts-for-operating-lights\/#primaryimage","url":"https:\/\/degrek.com\/wp-content\/uploads\/2019\/09\/sciaytique.jpg","contentUrl":"https:\/\/degrek.com\/wp-content\/uploads\/2019\/09\/sciaytique.jpg","width":2200,"height":2200},{"@type":"BreadcrumbList","@id":"https:\/\/degrek.com\/en\/product\/parts-for-operating-lights\/#breadcrumb","itemListElement":[{"@type":"ListItem","position":1,"name":"Accueil","item":"https:\/\/degrek.com\/en\/"},{"@type":"ListItem","position":2,"name":"All our products","item":"https:\/\/degrek.com\/en\/shop\/"},{"@type":"ListItem","position":3,"name":"Parts for operating lights"}]},{"@type":"WebSite","@id":"https:\/\/degrek.com\/en\/#website","url":"https:\/\/degrek.com\/en\/","name":"Degr\u00e9 K","description":"L&#039;\u00e9clairage dentaire","potentialAction":[{"@type":"SearchAction","target":{"@type":"EntryPoint","urlTemplate":"https:\/\/degrek.com\/en\/?s={search_term_string}"},"query-input":{"@type":"PropertyValueSpecification","valueRequired":true,"valueName":"search_term_string"}}],"inLanguage":"en-US"}]}},"_links":{"self":[{"href":"https:\/\/degrek.com\/en\/wp-json\/wp\/v2\/product\/16562","targetHints":{"allow":["GET"]}}],"collection":[{"href":"https:\/\/degrek.com\/en\/wp-json\/wp\/v2\/product"}],"about":[{"href":"https:\/\/degrek.com\/en\/wp-json\/wp\/v2\/types\/product"}],"wp:featuredmedia":[{"embeddable":true,"href":"https:\/\/degrek.com\/en\/wp-json\/wp\/v2\/media\/16564"}],"wp:attachment":[{"href":"https:\/\/degrek.com\/en\/wp-json\/wp\/v2\/media?parent=16562"}],"wp:term":[{"taxonomy":"product_brand","embeddable":true,"href":"https:\/\/degrek.com\/en\/wp-json\/wp\/v2\/product_brand?post=16562"},{"taxonomy":"product_cat","embeddable":true,"href":"https:\/\/degrek.com\/en\/wp-json\/wp\/v2\/product_cat?post=16562"},{"taxonomy":"product_tag","embeddable":true,"href":"https:\/\/degrek.com\/en\/wp-json\/wp\/v2\/product_tag?post=16562"}],"curies":[{"name":"wp","href":"https:\/\/api.w.org\/{rel}","templated":true}]}}