{"id":12298,"date":"2015-11-30T18:55:14","date_gmt":"2015-11-30T17:55:14","guid":{"rendered":"https:\/\/degrek.com\/degre-k\/presse\/"},"modified":"2020-10-09T13:08:43","modified_gmt":"2020-10-09T12:08:43","slug":"press","status":"publish","type":"page","link":"https:\/\/degrek.com\/en\/degre-k\/press\/","title":{"rendered":"Press area"},"content":{"rendered":"[vc_row type=&#8221;in_container&#8221; full_screen_row_position=&#8221;middle&#8221; scene_position=&#8221;center&#8221; text_color=&#8221;dark&#8221; text_align=&#8221;left&#8221; bottom_padding=&#8221;100&#8243; overlay_strength=&#8221;0.3&#8243; shape_divider_position=&#8221;bottom&#8221; bg_image_animation=&#8221;none&#8221; el_class=&#8221;parallax&#8221; css=&#8221;.vc_custom_1448906113030{margin-top: 0px !important;margin-right: 0px !important;margin-bottom: 0px !important;margin-left: 0px !important;padding-top: 0px !important;padding-right: 0px !important;padding-bottom: 50px !important;padding-left: 0px !important;background-position: center !important;background-repeat: no-repeat !important;background-size: contain !important;}&#8221; shape_type=&#8221;&#8221;][vc_column column_padding=&#8221;no-extra-padding&#8221; column_padding_position=&#8221;all&#8221; background_color_opacity=&#8221;1&#8243; background_hover_color_opacity=&#8221;1&#8243; column_link_target=&#8221;_self&#8221; column_shadow=&#8221;none&#8221; column_border_radius=&#8221;none&#8221; width=&#8221;1\/4&#8243; tablet_width_inherit=&#8221;default&#8221; tablet_text_alignment=&#8221;default&#8221; phone_text_alignment=&#8221;default&#8221; column_border_width=&#8221;none&#8221; column_border_style=&#8221;solid&#8221; bg_image_animation=&#8221;none&#8221; css=&#8221;.vc_custom_1478284074876{margin-top: 0px !important;margin-right: 0px !important;margin-bottom: 0px !important;margin-left: 0px !important;padding-top: 30px !important;padding-right: 30px !important;padding-bottom: 30px !important;padding-left: 30px !important;background-color: #f4f4f4 !important;}&#8221;][\/vc_column][vc_column column_padding=&#8221;no-extra-padding&#8221; column_padding_position=&#8221;all&#8221; background_color_opacity=&#8221;1&#8243; background_hover_color_opacity=&#8221;1&#8243; column_link_target=&#8221;_self&#8221; column_shadow=&#8221;none&#8221; column_border_radius=&#8221;none&#8221; width=&#8221;1\/2&#8243; tablet_width_inherit=&#8221;default&#8221; tablet_text_alignment=&#8221;default&#8221; phone_text_alignment=&#8221;default&#8221; column_border_width=&#8221;none&#8221; column_border_style=&#8221;solid&#8221; bg_image_animation=&#8221;none&#8221;][vc_column_text]\n<h3><strong>General press &amp; scientific publications<\/strong><\/h3>\n<ul>\n<li><em>ASNAV<\/em> : <a href=\"https:\/\/degrek.com\/wp-content\/uploads\/file\/Presse_ASNAV_Edito_26.pdf\">Edito : Lumi\u00e8re et vision &#8211; des yeux prot\u00e9g\u00e9s sont des yeux qui vieillissent mieux<\/a><\/li>\n<li><em>Les Echos<\/em>, 01\/2018 : <a href=\"https:\/\/www.lesechos.fr\/industrie-services\/energie-environnement\/0301144235836-lutilisation-des-led-a-permis-deconomiser-162-centrales-a-charbon-en-2017-2144657.php#lYLb4Pi8ps2cQ3D9.99\">L&#8217;utilisation des LED a permis d&#8217;\u00e9conomiser 162 centrales \u00e0 charbon en 2017<\/a><\/li>\n<li><a href=\"http:\/\/www.pointsdevue.com\/\"><em>International Review of Ophthalmic Optics<\/em> <\/a>: <a href=\"http:\/\/www.pointsdevue.com\/article\/blue-light-what-are-risks-our-eyes?lang=fr\">Lumi\u00e8re bleue, quels sont les risques pour les yeux ?<\/a>\u00a0&#8230;<\/li>\n<\/ul>\n<h3><strong>Professional authorities<\/strong><\/h3>\n<ul>\n<li>le Bulletin du SFSO : <a href=\"https:\/\/degrek.com\/wp-content\/uploads\/file\/Presse_bulletin-SFSO_dossier-eclairage_2018.01.pdf\">L&#8217;\u00c9CLAIRAGE EN ORTHODONTIE\u00a0 <\/a>(janv 2018, page 25)<\/li>\n<li>ADF INFOS : \u00a0<a href=\"https:\/\/degrek.com\/wp-content\/uploads\/file\/Presse_ADF_1703_LED-danger.pdf\">Article dans \u00e9dition #47 : &#8220;Technologie LED, attention, danger !&#8221;<\/a>\u00a0(Mars 2017)<\/li>\n<\/ul>\n<h3><strong>ANSM<\/strong><\/h3>\n<ul>\n<li><a href=\"https:\/\/www.anses.fr\/fr\/content\/led-diodes-\u00e9lectroluminescentes\">Effets sanitaires des syst\u00e8mes d\u2019\u00e9clairage utilisant des diodes \u00e9lectroluminescentes<\/a>\u00a0(sept.2016)<\/li>\n<li><a href=\"https:\/\/www.anses.fr\/fr\/system\/files\/AP2008sa0408.pdf\">Rapport d&#8217;expertise collective <\/a> (octobre 2010)<\/li>\n<\/ul>\n<h3><strong>Le Fil Dentaire<\/strong><\/h3>\n<ul>\n<li><a href=\"https:\/\/degrek.com\/wp-content\/uploads\/file\/Presse_le-Fil-1811_eclairage-LED-securise.pdf\"><strong>L&#8217;\u00e9clairage LED s\u00e9curis\u00e9<\/strong> en m\u00e9decine bucco-dentaire<\/a> (nov. 2018)<\/li>\n<li><a href=\"https:\/\/degrek.com\/lumiere-bien-etre\/\">Focus clinic : la lumi\u00e8re, cl\u00e9 de votre bien-\u00eatre <\/a>(oct. 2017)<\/li>\n<li><a href=\"https:\/\/degrek.com\/esthetique-couleur-et-lumiere\/\">Esth\u00e9tique : <strong>Couleur<\/strong> et <strong>Lumi\u00e8re <\/strong><\/a>\u00a0 (mai 2017)<\/li>\n<li><a href=\"http:\/\/www.lefildentaire.com\/articles\/pratique\/ergonomie-materiel\/plafonniers-et-scialytiques-on-vous-eclaire\/\">Plafonniers et scialytiques LED, on vous \u00e9claire ! <\/a>\u00a0 (janv.2017)<\/li>\n<\/ul>\n<h3><strong>L&#8217;Information Dentaire<\/strong><\/h3>\n<ul>\n<li><a href=\"https:\/\/degrek.com\/eclairage-led-les-normes-dentaires-vont-evoluer\/\">Normes : Eclairage LED en m\u00e9decine dentaire<\/a>\u00a0 (juillet 2017)<\/li>\n<li><a href=\"https:\/\/degrek.com\/wp-content\/uploads\/file\/Presse_ID_1609_LED-vision-sant\u00e9.pdf\">\u0152il, Vision, sant\u00e9 : choisir son \u00e9clairage LED dentaire<\/a>\u00a0 (sept.2016)<\/li>\n<li><a href=\"https:\/\/degrek.com\/concevoir-un-eclairage-led-securise-et-adapte-a-son-exercice\/\">Concevoir un \u00e9clairage LED s\u00e9curis\u00e9 et adapt\u00e9 \u00e0 son exercice<\/a>\u00a0 (juin 2016)<\/li>\n<li><a href=\"https:\/\/degrek.com\/wp-content\/uploads\/file\/Presse_ID_1604_LED-yeux-vision-bien-etre.pdf\">\u00c9clairage: LED et confort de vision\u00a0\u00a0 <\/a>(avril 2016)<\/li>\n<\/ul>\n<h3><strong>Dental Tribune France<\/strong><\/h3>\n<ul>\n<li><a href=\"https:\/\/degrek.com\/wp-content\/uploads\/file\/Presse_DTF_1811_exit-scialytiques-puissants.pdf\"><strong>Exit les scialytiques puissants !<\/strong>\u00a0<\/a>(nov. 2018)<\/li>\n<li><a href=\"https:\/\/degrek.com\/wp-content\/uploads\/file\/Presse_DTF_1606_retour-d-experience-D65\">Retour d&#8217;une ann\u00e9e de dentisterie Esth\u00e9tique avec un plafonnier D65 <\/a><\/li>\n<li><a href=\"https:\/\/degrek.com\/wp-content\/uploads\/file\/Presse_DTF_1511_LED%20dangereuses.pdf\">LED dangereuses pour les dentistes ? <\/a><\/li>\n<li><a href=\"https:\/\/degrek.com\/plafonniers-led-quelle-solution-choisir\/\">Dalles LED \/ Plafonniers LED : quelle solution choisir ?<\/a><a href=\"https:\/\/degrek.com\/wp-content\/uploads\/file\/Presse_DTF_1509_Plaf.%20LED.pdf\"><img loading=\"lazy\" decoding=\"async\" src=\"https:\/\/degrek.com\/wp-content\/uploads\/PDF.png\" alt=\"\" width=\"30\" height=\"30\" \/><\/a><\/li>\n<li><a href=\"https:\/\/degrek.com\/wp-content\/uploads\/file\/Presse_DTF_1505_Prise%20de%20teinte-lumiere%20qui%20prime.pdf\">Prise de Teinte : c&#8217;est la lumi\u00e8re qui prime <\/a><\/li>\n<li><a href=\"https:\/\/degrek.com\/wp-content\/uploads\/file\/Presse_DTF_1502_cas%20clinique%20esthetique%20sous%20D65.pdf\">Stratification simplifi\u00e9e en composite r\u00e9alis\u00e9e sous \u00e9clairage alb\u00e9do LED D65 <\/a><a href=\"https:\/\/degrek.com\/stratification-simplifiee-en-composite-realisee-sous-eclairage-albedo-led-d65-et-sans-scialytique\/\">et sans scialytique<\/a><a href=\"https:\/\/degrek.com\/wp-content\/uploads\/file\/Presse_DTF_1509_Plaf.%20LED.pdf\"><img loading=\"lazy\" decoding=\"async\" src=\"https:\/\/degrek.com\/wp-content\/uploads\/PDF.png\" alt=\"\" width=\"30\" height=\"30\" \/><\/a><\/li>\n<li><a href=\"https:\/\/degrek.com\/wp-content\/uploads\/file\/Presse_DTF_1501_Actu%20Produit%20Albedo%20LED%20D65%20.pdf\">Alb\u00e9do LED D65<\/a><\/li>\n<li><a href=\"https:\/\/degrek.com\/wp-content\/uploads\/file\/Presse_DTF_1410_LED-D65.pdf\">R\u00e9volution en dentisterie esth\u00e9tique :<\/a><\/li>\n<li><a href=\"https:\/\/degrek.com\/wp-content\/uploads\/file\/Presse_DTF_1410_LED-D65.pdf\">le plafonnier LED certi\ufb01\u00e9 D65<\/a><\/li>\n<li><a href=\"https:\/\/degrek.com\/eclairage-lumiere-des-conseils-eclaires\/\">Des conseils \u00e9clair\u00e9s | cabinet Design<\/a><\/li>\n<li><a href=\"https:\/\/degrek.com\/degre-k\/espace-presse\/d65-lumiere-du-jour\/\">D65 , lumi\u00e8re du jour, lumi\u00e8re du Nord\u2026comment s\u2019y retrouver?<\/a><\/li>\n<li><a href=\"https:\/\/degrek.com\/wp-content\/uploads\/file\/Presse_DTF_1306_plafonnier%20LED.pdf\">Utilisation des LED pour les plafonniers dentaires, vraiment ?<\/a><\/li>\n<li><a href=\"https:\/\/degrek.com\/wp-content\/uploads\/file\/Presse_DTF_1305_LED%20risques%20yeux.pdf\">LED et risques pour les yeux\u2026 acheter quoi et quand ?<\/a><\/li>\n<li><a href=\"https:\/\/degrek.com\/wp-content\/uploads\/file\/Presse_DTF_1303_cadre%20normatif.pdf\">Le cadre l\u00e9gal et normatif de l\u2019\u00e9clairage du cabinet dentaire<\/a><\/li>\n<li><a href=\"https:\/\/degrek.com\/wp-content\/uploads\/file\/Presse_DTF_1301_LEDoupasLED.pdf\">LED ou pas LED ?<\/a><\/li>\n<li><a href=\"https:\/\/degrek.com\/wp-content\/uploads\/file\/Presse_DTF_1302_7erreurs.pdf\">Eclairage en cabinet : les erreurs \u00e0 ne pas commettre<\/a><\/li>\n<\/ul>\n<h3><strong>Ergonomia 2013<\/strong><\/h3>\n<ul>\n<li><a href=\"https:\/\/degrek.com\/wp-content\/uploads\/file\/Presse_Ergonomia_lumiere-travail.pdf\">La lumi\u00e8re au travail <\/a>: Stress,douleurs cervicales,pathologies de l\u2019\u0153il,manque de tonus,migraines,probl\u00e8mes de sommeil\u2026<\/li>\n<\/ul>\n<h3><strong>Dental Tribune France 2012<\/strong><\/h3>\n<ul>\n<li><a href=\"https:\/\/degrek.com\/wp-content\/uploads\/file\/Presse_DTF_1210_ergonomie-eclairage-dentaire.pdf\">Ergonomie &amp; \u00e9clairage dentaire<\/a><\/li>\n<li><a href=\"https:\/\/degrek.com\/wp-content\/uploads\/file\/Presse_DTF_1211-importance-eclairage-dentiste.pdf\">Que la lumi\u00e8re soit ! l&#8217;importance du bon \u00e9clairage dentaire<\/a><\/li>\n<li><a href=\"https:\/\/degrek.com\/wp-content\/uploads\/file\/Presse_DTF_1206_20questions-lumiere.pdf\">20 questions sur la lumi\u00e8re dentaire<\/a><\/li>\n<li><a href=\"https:\/\/degrek.com\/wp-content\/uploads\/file\/Presse_DTF_1206_histoire-eclairage-dentaire.pdf\">l&#8217;\u00e9clairage dentaire au cours du temps<\/a><\/li>\n<li><a href=\"https:\/\/degrek.com\/wp-content\/uploads\/file\/Presse_DTF_1202_eclairage&amp;eco-responsabilite.pdf\">Eclairage et \u00e9co-responsabilit\u00e9<\/a><\/li>\n<li><a href=\"https:\/\/degrek.com\/wp-content\/uploads\/file\/Presse_DTF_1203_choix-teinte.pdf\">Importance de l\u2019ambiance lumineuse pour le choix des teintes<\/a><\/li>\n<li><a href=\"https:\/\/degrek.com\/wp-content\/uploads\/file\/Presse_DTF_1204_test-KLED.pdf\">J&#8217;ai test\u00e9 la KLED de Degr\u00e9 K<\/a><\/li>\n<\/ul>\n<h3><strong>Dental Tribune France\u00a02011<\/strong><\/h3>\n<ul>\n<li><a href=\"https:\/\/degrek.com\/wp-content\/uploads\/file\/Presse_DTF_1110_ortho.pdf\">Sp\u00e9cificit\u00e9s des besoins d\u2019\u00e9clairage en orthodontie<\/a><\/li>\n<li><a href=\"https:\/\/degrek.com\/wp-content\/uploads\/file\/Presse_DTF_1111_bien-etre.pdf\">Le r\u00f4le majeur de l\u2019\u00e9clairage dans le bien-\u00eatre.<\/a><\/li>\n<li><a href=\"https:\/\/degrek.com\/wp-content\/uploads\/file\/Presse_DTF_1111_DK.pdf\">Degr\u00e9 K\u2026 des ann\u00e9es-lumi\u00e8re d\u2019avance !<\/a><\/li>\n<li><a href=\"https:\/\/degrek.com\/wp-content\/uploads\/file\/Presse_DTF_1109_pieges-a-eviter.pdf\">La Lumi\u00e8re Dentaire, les pi\u00e8ges \u00e0 \u00e9viter !<\/a><\/li>\n<li><a href=\"https:\/\/degrek.com\/wp-content\/uploads\/file\/Presse_DTF_1105_progres_tec_ecl.pdf\">Zoom sur les progr\u00e8s des technologies et nouveaux concepts d\u2019\u00e9clairage dentaire<\/a><\/li>\n<\/ul>\n<div class=\"tlid-input input\">\n<div class=\"source-wrap\">\n<div class=\"input-full-height-wrapper tlid-input-full-height-wrapper\">\n<div class=\"source-input\">\n<div class=\"source-footer-wrap source-or-target-footer\">\n<div class=\"character-count tlid-character-count\">\n<h3 class=\"cc-ctr normal\"><strong>\u2026 And all previous articles compiled in<\/strong><\/h3>\n<\/div>\n<\/div>\n<\/div>\n<\/div>\n<\/div>\n<\/div>\n<ul>\n<li><a href=\"https:\/\/degrek.com\/wp-content\/uploads\/file\/indep_special_lumiere_F.pdf\">Sp\u00e9cial Lumi\u00e8re <\/a><\/li>\n<\/ul>\n<table border=\"0\" cellspacing=\"1\" cellpadding=\"1\">\n<tbody>\n<tr>\n<td><a href=\"https:\/\/degrek.com\/wp-content\/uploads\/file\/Presse_DTF_1111_bien-etre.pdf\"><img loading=\"lazy\" decoding=\"async\" src=\"https:\/\/degrek.com\/wp-content\/uploads\/Presse_bien-etre.jpg\" alt=\"Le r\u00f4le majeur de l'\u00e9clairage dans le bien-\u00eatre\" width=\"190\" height=\"126\" border=\"1\" \/><\/a><\/td>\n<td><a href=\"https:\/\/degrek.com\/wp-content\/uploads\/file\/Presse_DTF_1111_DK.pdf\"><img loading=\"lazy\" decoding=\"async\" src=\"https:\/\/degrek.com\/wp-content\/uploads\/Presse_DK.jpg\" alt=\"\" width=\"190\" height=\"95\" border=\"1\" \/><\/a><\/td>\n<td><a href=\"https:\/\/degrek.com\/wp-content\/uploads\/file\/indep_special_lumiere_F.pdf\"><img loading=\"lazy\" decoding=\"async\" src=\"https:\/\/degrek.com\/wp-content\/uploads\/indep_special_lumiere.jpg\" alt=\"Magazine Sp\u00e9cial Lumi\u00e8re dentaire\" width=\"85\" height=\"120\" \/><\/a><\/td>\n<td>\u00a0<\/td>\n<\/tr>\n<tr>\n<td><a href=\"https:\/\/degrek.com\/wp-content\/uploads\/file\/Presse_DTF_1105_progres_tec_ecl.pdf\"><img loading=\"lazy\" decoding=\"async\" src=\"https:\/\/degrek.com\/wp-content\/uploads\/Presse_lumiere_nord.jpg\" alt=\"Progr\u00e8s technologiques et nouveaux concepts d'\u00e9clairage\" width=\"190\" height=\"118\" border=\"1\" \/><\/a><\/td>\n<td><a href=\"https:\/\/degrek.com\/wp-content\/uploads\/file\/Presse_DTF_1109_pieges-a-eviter.pdf\"><img loading=\"lazy\" decoding=\"async\" src=\"https:\/\/degrek.com\/wp-content\/uploads\/Presse_pieges.jpg\" alt=\"Les pi\u00e8ges \u00e0 \u00e9viter\" width=\"190\" height=\"126\" border=\"1\" \/><\/a><\/td>\n<td>\u00a0<\/td>\n<td>\u00a0<\/td>\n<\/tr>\n<\/tbody>\n<\/table>\n[\/vc_column_text][\/vc_column][vc_column column_padding=&#8221;no-extra-padding&#8221; column_padding_position=&#8221;all&#8221; background_color_opacity=&#8221;1&#8243; background_hover_color_opacity=&#8221;1&#8243; column_link_target=&#8221;_self&#8221; column_shadow=&#8221;none&#8221; column_border_radius=&#8221;none&#8221; width=&#8221;1\/4&#8243; tablet_width_inherit=&#8221;default&#8221; tablet_text_alignment=&#8221;default&#8221; phone_text_alignment=&#8221;default&#8221; column_border_width=&#8221;none&#8221; column_border_style=&#8221;solid&#8221; bg_image_animation=&#8221;none&#8221;][\/vc_column][\/vc_row]\n","protected":false},"excerpt":{"rendered":"<p>[vc_row type=&#8221;in_container&#8221; full_screen_row_position=&#8221;middle&#8221; scene_position=&#8221;center&#8221; text_color=&#8221;dark&#8221; text_align=&#8221;left&#8221; bottom_padding=&#8221;100&#8243; overlay_strength=&#8221;0.3&#8243; shape_divider_position=&#8221;bottom&#8221; bg_image_animation=&#8221;none&#8221; el_class=&#8221;parallax&#8221; css=&#8221;.vc_custom_1448906113030{margin-top: 0px !important;margin-right: 0px !important;margin-bottom: 0px !important;margin-left: 0px !important;padding-top: 0px !important;padding-right: 0px !important;padding-bottom: 50px !important;padding-left: 0px !important;background-position: center !important;background-repeat: no-repeat !important;background-size: contain !important;}&#8221; shape_type=&#8221;&#8221;][vc_column column_padding=&#8221;no-extra-padding&#8221; column_padding_position=&#8221;all&#8221; background_color_opacity=&#8221;1&#8243; background_hover_color_opacity=&#8221;1&#8243; column_link_target=&#8221;_self&#8221; column_shadow=&#8221;none&#8221; column_border_radius=&#8221;none&#8221; width=&#8221;1\/4&#8243; tablet_width_inherit=&#8221;default&#8221; tablet_text_alignment=&#8221;default&#8221; phone_text_alignment=&#8221;default&#8221; column_border_width=&#8221;none&#8221; column_border_style=&#8221;solid&#8221; bg_image_animation=&#8221;none&#8221; css=&#8221;.vc_custom_1478284074876{margin-top: 0px !important;margin-right: 0px !important;margin-bottom: 0px !important;margin-left: 0px !important;padding-top: 30px !important;padding-right:&#8230;<\/p>\n","protected":false},"author":1,"featured_media":0,"parent":3488,"menu_order":0,"comment_status":"closed","ping_status":"closed","template":"","meta":{"footnotes":""},"class_list":["post-12298","page","type-page","status-publish"],"yoast_head":"<!-- This site is optimized with the Yoast SEO plugin v26.8 - https:\/\/yoast.com\/product\/yoast-seo-wordpress\/ -->\n<title>Press area - Degr\u00e9 K<\/title>\n<meta name=\"robots\" content=\"index, follow, max-snippet:-1, max-image-preview:large, max-video-preview:-1\" \/>\n<link rel=\"canonical\" href=\"https:\/\/degrek.com\/en\/degre-k\/press\/\" \/>\n<meta property=\"og:locale\" content=\"en_US\" \/>\n<meta property=\"og:type\" content=\"article\" \/>\n<meta property=\"og:title\" content=\"Press area - Degr\u00e9 K\" \/>\n<meta property=\"og:description\" content=\"[vc_row type=&#8221;in_container&#8221; full_screen_row_position=&#8221;middle&#8221; scene_position=&#8221;center&#8221; text_color=&#8221;dark&#8221; text_align=&#8221;left&#8221; bottom_padding=&#8221;100&#8243; overlay_strength=&#8221;0.3&#8243; shape_divider_position=&#8221;bottom&#8221; bg_image_animation=&#8221;none&#8221; el_class=&#8221;parallax&#8221; css=&#8221;.vc_custom_1448906113030{margin-top: 0px !important;margin-right: 0px !important;margin-bottom: 0px !important;margin-left: 0px !important;padding-top: 0px !important;padding-right: 0px !important;padding-bottom: 50px !important;padding-left: 0px !important;background-position: center !important;background-repeat: no-repeat !important;background-size: contain !important;}&#8221; shape_type=&#8221;&#8221;][vc_column column_padding=&#8221;no-extra-padding&#8221; column_padding_position=&#8221;all&#8221; background_color_opacity=&#8221;1&#8243; background_hover_color_opacity=&#8221;1&#8243; column_link_target=&#8221;_self&#8221; column_shadow=&#8221;none&#8221; column_border_radius=&#8221;none&#8221; width=&#8221;1\/4&#8243; tablet_width_inherit=&#8221;default&#8221; tablet_text_alignment=&#8221;default&#8221; phone_text_alignment=&#8221;default&#8221; column_border_width=&#8221;none&#8221; column_border_style=&#8221;solid&#8221; bg_image_animation=&#8221;none&#8221; css=&#8221;.vc_custom_1478284074876{margin-top: 0px !important;margin-right: 0px !important;margin-bottom: 0px !important;margin-left: 0px !important;padding-top: 30px !important;padding-right:...\" \/>\n<meta property=\"og:url\" content=\"https:\/\/degrek.com\/en\/degre-k\/press\/\" \/>\n<meta property=\"og:site_name\" content=\"Degr\u00e9 K\" \/>\n<meta property=\"article:modified_time\" content=\"2020-10-09T12:08:43+00:00\" \/>\n<meta property=\"og:image\" content=\"https:\/\/degrek.com\/wp-content\/uploads\/PDF.png\" \/>\n<meta name=\"twitter:card\" content=\"summary_large_image\" \/>\n<meta name=\"twitter:label1\" content=\"Est. reading time\" \/>\n\t<meta name=\"twitter:data1\" content=\"4 minutes\" \/>\n<script type=\"application\/ld+json\" class=\"yoast-schema-graph\">{\"@context\":\"https:\/\/schema.org\",\"@graph\":[{\"@type\":\"WebPage\",\"@id\":\"https:\/\/degrek.com\/en\/degre-k\/press\/\",\"url\":\"https:\/\/degrek.com\/en\/degre-k\/press\/\",\"name\":\"Press area - Degr\u00e9 K\",\"isPartOf\":{\"@id\":\"https:\/\/degrek.com\/en\/#website\"},\"primaryImageOfPage\":{\"@id\":\"https:\/\/degrek.com\/en\/degre-k\/press\/#primaryimage\"},\"image\":{\"@id\":\"https:\/\/degrek.com\/en\/degre-k\/press\/#primaryimage\"},\"thumbnailUrl\":\"https:\/\/degrek.com\/wp-content\/uploads\/PDF.png\",\"datePublished\":\"2015-11-30T17:55:14+00:00\",\"dateModified\":\"2020-10-09T12:08:43+00:00\",\"breadcrumb\":{\"@id\":\"https:\/\/degrek.com\/en\/degre-k\/press\/#breadcrumb\"},\"inLanguage\":\"en-US\",\"potentialAction\":[{\"@type\":\"ReadAction\",\"target\":[\"https:\/\/degrek.com\/en\/degre-k\/press\/\"]}]},{\"@type\":\"ImageObject\",\"inLanguage\":\"en-US\",\"@id\":\"https:\/\/degrek.com\/en\/degre-k\/press\/#primaryimage\",\"url\":\"https:\/\/degrek.com\/wp-content\/uploads\/PDF.png\",\"contentUrl\":\"https:\/\/degrek.com\/wp-content\/uploads\/PDF.png\"},{\"@type\":\"BreadcrumbList\",\"@id\":\"https:\/\/degrek.com\/en\/degre-k\/press\/#breadcrumb\",\"itemListElement\":[{\"@type\":\"ListItem\",\"position\":1,\"name\":\"Accueil\",\"item\":\"https:\/\/degrek.com\/en\/\"},{\"@type\":\"ListItem\",\"position\":2,\"name\":\"Degr\u00e9 K\",\"item\":\"https:\/\/degrek.com\/en\/degre-k\/\"},{\"@type\":\"ListItem\",\"position\":3,\"name\":\"Press area\"}]},{\"@type\":\"WebSite\",\"@id\":\"https:\/\/degrek.com\/en\/#website\",\"url\":\"https:\/\/degrek.com\/en\/\",\"name\":\"Degr\u00e9 K\",\"description\":\"L&#039;\u00e9clairage dentaire\",\"potentialAction\":[{\"@type\":\"SearchAction\",\"target\":{\"@type\":\"EntryPoint\",\"urlTemplate\":\"https:\/\/degrek.com\/en\/?s={search_term_string}\"},\"query-input\":{\"@type\":\"PropertyValueSpecification\",\"valueRequired\":true,\"valueName\":\"search_term_string\"}}],\"inLanguage\":\"en-US\"}]}<\/script>\n<!-- \/ Yoast SEO plugin. -->","yoast_head_json":{"title":"Press area - Degr\u00e9 K","robots":{"index":"index","follow":"follow","max-snippet":"max-snippet:-1","max-image-preview":"max-image-preview:large","max-video-preview":"max-video-preview:-1"},"canonical":"https:\/\/degrek.com\/en\/degre-k\/press\/","og_locale":"en_US","og_type":"article","og_title":"Press area - Degr\u00e9 K","og_description":"[vc_row type=&#8221;in_container&#8221; full_screen_row_position=&#8221;middle&#8221; scene_position=&#8221;center&#8221; text_color=&#8221;dark&#8221; text_align=&#8221;left&#8221; bottom_padding=&#8221;100&#8243; overlay_strength=&#8221;0.3&#8243; shape_divider_position=&#8221;bottom&#8221; bg_image_animation=&#8221;none&#8221; el_class=&#8221;parallax&#8221; css=&#8221;.vc_custom_1448906113030{margin-top: 0px !important;margin-right: 0px !important;margin-bottom: 0px !important;margin-left: 0px !important;padding-top: 0px !important;padding-right: 0px !important;padding-bottom: 50px !important;padding-left: 0px !important;background-position: center !important;background-repeat: no-repeat !important;background-size: contain !important;}&#8221; shape_type=&#8221;&#8221;][vc_column column_padding=&#8221;no-extra-padding&#8221; column_padding_position=&#8221;all&#8221; background_color_opacity=&#8221;1&#8243; background_hover_color_opacity=&#8221;1&#8243; column_link_target=&#8221;_self&#8221; column_shadow=&#8221;none&#8221; column_border_radius=&#8221;none&#8221; width=&#8221;1\/4&#8243; tablet_width_inherit=&#8221;default&#8221; tablet_text_alignment=&#8221;default&#8221; phone_text_alignment=&#8221;default&#8221; column_border_width=&#8221;none&#8221; column_border_style=&#8221;solid&#8221; bg_image_animation=&#8221;none&#8221; css=&#8221;.vc_custom_1478284074876{margin-top: 0px !important;margin-right: 0px !important;margin-bottom: 0px !important;margin-left: 0px !important;padding-top: 30px !important;padding-right:...","og_url":"https:\/\/degrek.com\/en\/degre-k\/press\/","og_site_name":"Degr\u00e9 K","article_modified_time":"2020-10-09T12:08:43+00:00","og_image":[{"url":"https:\/\/degrek.com\/wp-content\/uploads\/PDF.png","type":"","width":"","height":""}],"twitter_card":"summary_large_image","twitter_misc":{"Est. reading time":"4 minutes"},"schema":{"@context":"https:\/\/schema.org","@graph":[{"@type":"WebPage","@id":"https:\/\/degrek.com\/en\/degre-k\/press\/","url":"https:\/\/degrek.com\/en\/degre-k\/press\/","name":"Press area - Degr\u00e9 K","isPartOf":{"@id":"https:\/\/degrek.com\/en\/#website"},"primaryImageOfPage":{"@id":"https:\/\/degrek.com\/en\/degre-k\/press\/#primaryimage"},"image":{"@id":"https:\/\/degrek.com\/en\/degre-k\/press\/#primaryimage"},"thumbnailUrl":"https:\/\/degrek.com\/wp-content\/uploads\/PDF.png","datePublished":"2015-11-30T17:55:14+00:00","dateModified":"2020-10-09T12:08:43+00:00","breadcrumb":{"@id":"https:\/\/degrek.com\/en\/degre-k\/press\/#breadcrumb"},"inLanguage":"en-US","potentialAction":[{"@type":"ReadAction","target":["https:\/\/degrek.com\/en\/degre-k\/press\/"]}]},{"@type":"ImageObject","inLanguage":"en-US","@id":"https:\/\/degrek.com\/en\/degre-k\/press\/#primaryimage","url":"https:\/\/degrek.com\/wp-content\/uploads\/PDF.png","contentUrl":"https:\/\/degrek.com\/wp-content\/uploads\/PDF.png"},{"@type":"BreadcrumbList","@id":"https:\/\/degrek.com\/en\/degre-k\/press\/#breadcrumb","itemListElement":[{"@type":"ListItem","position":1,"name":"Accueil","item":"https:\/\/degrek.com\/en\/"},{"@type":"ListItem","position":2,"name":"Degr\u00e9 K","item":"https:\/\/degrek.com\/en\/degre-k\/"},{"@type":"ListItem","position":3,"name":"Press area"}]},{"@type":"WebSite","@id":"https:\/\/degrek.com\/en\/#website","url":"https:\/\/degrek.com\/en\/","name":"Degr\u00e9 K","description":"L&#039;\u00e9clairage dentaire","potentialAction":[{"@type":"SearchAction","target":{"@type":"EntryPoint","urlTemplate":"https:\/\/degrek.com\/en\/?s={search_term_string}"},"query-input":{"@type":"PropertyValueSpecification","valueRequired":true,"valueName":"search_term_string"}}],"inLanguage":"en-US"}]}},"_links":{"self":[{"href":"https:\/\/degrek.com\/en\/wp-json\/wp\/v2\/pages\/12298","targetHints":{"allow":["GET"]}}],"collection":[{"href":"https:\/\/degrek.com\/en\/wp-json\/wp\/v2\/pages"}],"about":[{"href":"https:\/\/degrek.com\/en\/wp-json\/wp\/v2\/types\/page"}],"author":[{"embeddable":true,"href":"https:\/\/degrek.com\/en\/wp-json\/wp\/v2\/users\/1"}],"replies":[{"embeddable":true,"href":"https:\/\/degrek.com\/en\/wp-json\/wp\/v2\/comments?post=12298"}],"version-history":[{"count":0,"href":"https:\/\/degrek.com\/en\/wp-json\/wp\/v2\/pages\/12298\/revisions"}],"up":[{"embeddable":true,"href":"https:\/\/degrek.com\/en\/wp-json\/wp\/v2\/pages\/3488"}],"wp:attachment":[{"href":"https:\/\/degrek.com\/en\/wp-json\/wp\/v2\/media?parent=12298"}],"curies":[{"name":"wp","href":"https:\/\/api.w.org\/{rel}","templated":true}]}}