{"id":17806,"date":"2023-05-04T16:43:49","date_gmt":"2023-05-04T15:43:49","guid":{"rendered":"https:\/\/degrek.com\/?post_type=product&#038;p=17806"},"modified":"2025-09-01T14:44:01","modified_gmt":"2025-09-01T13:44:01","slug":"albedo-s50-0","status":"publish","type":"product","link":"https:\/\/degrek.com\/de\/produkt\/albedo-s50-0\/","title":{"rendered":"Albedo S50.0"},"content":{"rendered":"[vc_row type=&#8220;in_container&#8220; full_screen_row_position=&#8220;middle&#8220; column_margin=&#8220;default&#8220; column_direction=&#8220;default&#8220; column_direction_tablet=&#8220;default&#8220; column_direction_phone=&#8220;default&#8220; scene_position=&#8220;center&#8220; text_color=&#8220;dark&#8220; text_align=&#8220;left&#8220; row_border_radius=&#8220;none&#8220; row_border_radius_applies=&#8220;bg&#8220; overflow=&#8220;visible&#8220; overlay_strength=&#8220;0.3&#8243; gradient_direction=&#8220;left_to_right&#8220; shape_divider_position=&#8220;bottom&#8220; bg_image_animation=&#8220;none&#8220;][vc_column column_padding=&#8220;no-extra-padding&#8220; column_padding_tablet=&#8220;inherit&#8220; column_padding_phone=&#8220;inherit&#8220; column_padding_position=&#8220;all&#8220; column_element_direction_desktop=&#8220;default&#8220; column_element_spacing=&#8220;default&#8220; desktop_text_alignment=&#8220;default&#8220; tablet_text_alignment=&#8220;default&#8220; phone_text_alignment=&#8220;default&#8220; background_color_opacity=&#8220;1&#8243; background_hover_color_opacity=&#8220;1&#8243; column_backdrop_filter=&#8220;none&#8220; column_shadow=&#8220;none&#8220; column_border_radius=&#8220;none&#8220; column_link_target=&#8220;_self&#8220; column_position=&#8220;default&#8220; gradient_direction=&#8220;left_to_right&#8220; overlay_strength=&#8220;0.3&#8243; width=&#8220;1\/1&#8243; tablet_width_inherit=&#8220;default&#8220; animation_type=&#8220;default&#8220; bg_image_animation=&#8220;none&#8220; border_type=&#8220;simple&#8220; column_border_width=&#8220;none&#8220; column_border_style=&#8220;solid&#8220;][nectar_global_section id=&#8220;17970&#8243;][\/vc_column][\/vc_row]\n","protected":false},"excerpt":{"rendered":"<p>[nectar_cta btn_style=&#8220;material&#8220; heading_tag=&#8220;h5&#8243; text_color=&#8220;#000000&#8243; link_type=&#8220;video_lightbox&#8220; alignment=&#8220;right&#8220; display=&#8220;block&#8220; link_text=&#8220;3D-PR\u00c4SENTATION&#8220; url=&#8220;https:\/\/degrek.com\/wp-content\/uploads\/2023\/03\/Albedo-S50-3D.mp4&#8243;]<\/p>\n[button open_new_tab=\"true\" color=\"extra-color-gradient-1\" hover_text_color_override=\"#fff\" size=\"large\" url=\"https:\/\/degrek.com\/de\/prod\/albedo-s50\/\" text=\"ausf\u00fchrliche Darstellung\" color_override=\"\"]\n<h3><strong>Preis, Leuchte installiert: <\/strong><span style=\"color: #2ac4ea;\"><strong>2.850 \u20ac <\/strong><\/span><span style=\"color: #2ac4ea;\"><span style=\"color: #000000; font-size: 12px; font-weight: 600;\">zzgl. MwSt.<\/span>\u00a0<span style=\"color: #000000;\">|<\/span><\/span><\/h3>\n<h3><span style=\"color: #2ac4ea;\">\u00a0<\/span><span style=\"color: #2ac4ea;\">3.420 \u20ac <\/span><span style=\"color: #2ac4ea;\"><span style=\"color: #000000; font-size: 12px; font-weight: 600;\">incl. MwSt<\/span><\/span><\/h3>\n<p>&nbsp;<\/p>\n<p><strong>ALB\u00c9DO S50<\/strong><strong>.0 ist eine besonders leistungsf\u00e4hige und angenehme Pendelleuchte, <\/strong>entwickelt f\u00fcr allgemeinmedizinische Behandlungsr\u00e4ume und Operationss\u00e4le.<br \/>\nDurch die pr\u00e4zise Reproduktion des nat\u00fcrlichen Sonnenlichts, die gleichm\u00e4\u00dfige Lichtverteilung und die sehr hohe Qualit\u00e4t der Full Spectrum LED-Quellen sorgt diese Pendelleuchte f\u00fcr eine sehr komfortable und leistungsf\u00e4hige Beleuchtung.<\/p>\n<p><strong>Das Ergebnis:<\/strong><\/p>\n<ul>\n<li>Exzellente Sicht<\/li>\n<li>Harmonische Funktion des Biorhythmus<\/li>\n<li>Keine Gefahr f\u00fcr die Augen<\/li>\n<\/ul>\n<h6><\/h6>\n<h6>| <span style=\"color: #2ac4ea;\"><strong>Solarspektrum <\/strong><\/span>| <span style=\"color: #2ac4ea;\"><strong>Sanftes Licht <\/strong><\/span>|\u00a0<span style=\"color: #2ac4ea;\"><strong>Nordlicht <\/strong><\/span>| <span style=\"color: #2ac4ea;\"><strong>Blue Control<\/strong><\/span><span style=\"color: #2ac4ea;\"><strong>\u00a0<\/strong><\/span>| <span style=\"color: #2ac4ea;\"><strong>Ein \/ Aus-Betrieb<\/strong><\/span><\/h6>\n<p>&nbsp;<\/p>\n","protected":false},"featured_media":16359,"template":"","meta":[],"product_brand":[],"product_cat":[383,385],"product_tag":[],"class_list":{"0":"post-17806","1":"product","2":"type-product","3":"status-publish","4":"has-post-thumbnail","6":"product_cat-pendelleuchten-led-panel","7":"product_cat-albedo-de","8":"product_shipping_class-ausrustung","9":"types-dexercice-allgemeine-zahnmedizin","10":"types-dexercice-oralchirurgie-implantologie","11":"types-dexercice-kieferorthopaedie","12":"types-dexercice-aesthetischen-medizin","13":"types-dexercice-dermatologie-de","14":"zones-dutilisation-behandlungsraeume","15":"zones-dutilisation-op-arbeitsfeld","16":"zones-dutilisation-op-bereich","17":"specificites-solarspektrum","18":"specificites-nordlicht","19":"specificites-hev-blaulichtschutz","20":"specificites-hygiene-de","21":"specificites-standardgroesse-behandlungsraum","22":"specificites-grosser-behandlungsraum","23":"tm-has-options","25":"first","26":"instock","27":"taxable","28":"shipping-taxable","29":"purchasable","30":"product-type-simple"},"yoast_head":"<!-- This site is optimized with the Yoast SEO plugin v26.8 - https:\/\/yoast.com\/product\/yoast-seo-wordpress\/ -->\n<title>Albedo S50.0 - Degr\u00e9 K<\/title>\n<meta name=\"robots\" content=\"index, follow, max-snippet:-1, max-image-preview:large, max-video-preview:-1\" \/>\n<link rel=\"canonical\" href=\"https:\/\/degrek.com\/de\/produkt\/albedo-s50-0\/\" \/>\n<meta property=\"og:locale\" content=\"de_DE\" \/>\n<meta property=\"og:type\" content=\"article\" \/>\n<meta property=\"og:title\" content=\"Albedo S50.0 - Degr\u00e9 K\" \/>\n<meta property=\"og:description\" content=\"[nectar_cta btn_style=&quot;material&quot; heading_tag=&quot;h5&quot; text_color=&quot;#000000&quot; link_type=&quot;video_lightbox&quot; alignment=&quot;right&quot; display=&quot;block&quot; link_text=&quot;3D-PR\u00c4SENTATION&quot; url=&quot;https:\/\/degrek.com\/wp-content\/uploads\/2023\/03\/Albedo-S50-3D.mp4&quot;]   Preis, Leuchte installiert: 2.850 \u20ac zzgl. MwSt.\u00a0| \u00a03.420 \u20ac incl. MwSt &nbsp;  ALB\u00c9DO S50.0 ist eine besonders leistungsf\u00e4hige und angenehme Pendelleuchte, entwickelt f\u00fcr allgemeinmedizinische Behandlungsr\u00e4ume und Operationss\u00e4le. Durch die pr\u00e4zise Reproduktion des nat\u00fcrlichen Sonnenlichts, die gleichm\u00e4\u00dfige Lichtverteilung und die sehr hohe Qualit\u00e4t der Full Spectrum LED-Quellen sorgt diese Pendelleuchte f\u00fcr eine sehr komfortable und leistungsf\u00e4hige Beleuchtung.  Das Ergebnis:   Exzellente Sicht  Harmonische Funktion des Biorhythmus  Keine Gefahr f\u00fcr die Augen   | Solarspektrum | Sanftes Licht |\u00a0Nordlicht | Blue Control\u00a0| Ein \/ Aus-Betrieb &nbsp;\" \/>\n<meta property=\"og:url\" content=\"https:\/\/degrek.com\/de\/produkt\/albedo-s50-0\/\" \/>\n<meta property=\"og:site_name\" content=\"Degr\u00e9 K\" \/>\n<meta property=\"article:modified_time\" content=\"2025-09-01T13:44:01+00:00\" \/>\n<meta property=\"og:image\" content=\"https:\/\/degrek.com\/wp-content\/uploads\/2020\/11\/n500.jpg\" \/>\n\t<meta property=\"og:image:width\" content=\"1000\" \/>\n\t<meta property=\"og:image:height\" content=\"1000\" \/>\n\t<meta property=\"og:image:type\" content=\"image\/jpeg\" \/>\n<meta name=\"twitter:card\" content=\"summary_large_image\" \/>\n<meta name=\"twitter:label1\" content=\"Gesch\u00e4tzte Lesezeit\" \/>\n\t<meta name=\"twitter:data1\" content=\"1\u00a0Minute\" \/>\n<script type=\"application\/ld+json\" class=\"yoast-schema-graph\">{\"@context\":\"https:\/\/schema.org\",\"@graph\":[{\"@type\":\"WebPage\",\"@id\":\"https:\/\/degrek.com\/de\/produkt\/albedo-s50-0\/\",\"url\":\"https:\/\/degrek.com\/de\/produkt\/albedo-s50-0\/\",\"name\":\"Albedo S50.0 - Degr\u00e9 K\",\"isPartOf\":{\"@id\":\"https:\/\/degrek.com\/de\/#website\"},\"primaryImageOfPage\":{\"@id\":\"https:\/\/degrek.com\/de\/produkt\/albedo-s50-0\/#primaryimage\"},\"image\":{\"@id\":\"https:\/\/degrek.com\/de\/produkt\/albedo-s50-0\/#primaryimage\"},\"thumbnailUrl\":\"https:\/\/degrek.com\/wp-content\/uploads\/2020\/11\/n500.jpg\",\"datePublished\":\"2023-05-04T15:43:49+00:00\",\"dateModified\":\"2025-09-01T13:44:01+00:00\",\"breadcrumb\":{\"@id\":\"https:\/\/degrek.com\/de\/produkt\/albedo-s50-0\/#breadcrumb\"},\"inLanguage\":\"de\",\"potentialAction\":[{\"@type\":\"ReadAction\",\"target\":[\"https:\/\/degrek.com\/de\/produkt\/albedo-s50-0\/\"]}]},{\"@type\":\"ImageObject\",\"inLanguage\":\"de\",\"@id\":\"https:\/\/degrek.com\/de\/produkt\/albedo-s50-0\/#primaryimage\",\"url\":\"https:\/\/degrek.com\/wp-content\/uploads\/2020\/11\/n500.jpg\",\"contentUrl\":\"https:\/\/degrek.com\/wp-content\/uploads\/2020\/11\/n500.jpg\",\"width\":1000,\"height\":1000},{\"@type\":\"BreadcrumbList\",\"@id\":\"https:\/\/degrek.com\/de\/produkt\/albedo-s50-0\/#breadcrumb\",\"itemListElement\":[{\"@type\":\"ListItem\",\"position\":1,\"name\":\"Accueil\",\"item\":\"https:\/\/degrek.com\/de\/\"},{\"@type\":\"ListItem\",\"position\":2,\"name\":\"Alle unsere Produkte\",\"item\":\"https:\/\/degrek.com\/de\/geschaft\/\"},{\"@type\":\"ListItem\",\"position\":3,\"name\":\"Albedo S50.0\"}]},{\"@type\":\"WebSite\",\"@id\":\"https:\/\/degrek.com\/de\/#website\",\"url\":\"https:\/\/degrek.com\/de\/\",\"name\":\"Degr\u00e9 K\",\"description\":\"Zahn\u00e4rztliche Beleuchtung\",\"potentialAction\":[{\"@type\":\"SearchAction\",\"target\":{\"@type\":\"EntryPoint\",\"urlTemplate\":\"https:\/\/degrek.com\/de\/?s={search_term_string}\"},\"query-input\":{\"@type\":\"PropertyValueSpecification\",\"valueRequired\":true,\"valueName\":\"search_term_string\"}}],\"inLanguage\":\"de\"}]}<\/script>\n<!-- \/ Yoast SEO plugin. -->","yoast_head_json":{"title":"Albedo S50.0 - Degr\u00e9 K","robots":{"index":"index","follow":"follow","max-snippet":"max-snippet:-1","max-image-preview":"max-image-preview:large","max-video-preview":"max-video-preview:-1"},"canonical":"https:\/\/degrek.com\/de\/produkt\/albedo-s50-0\/","og_locale":"de_DE","og_type":"article","og_title":"Albedo S50.0 - Degr\u00e9 K","og_description":"[nectar_cta btn_style=\"material\" heading_tag=\"h5\" text_color=\"#000000\" link_type=\"video_lightbox\" alignment=\"right\" display=\"block\" link_text=\"3D-PR\u00c4SENTATION\" url=\"https:\/\/degrek.com\/wp-content\/uploads\/2023\/03\/Albedo-S50-3D.mp4\"]   Preis, Leuchte installiert: 2.850 \u20ac zzgl. MwSt.\u00a0| \u00a03.420 \u20ac incl. MwSt &nbsp;  ALB\u00c9DO S50.0 ist eine besonders leistungsf\u00e4hige und angenehme Pendelleuchte, entwickelt f\u00fcr allgemeinmedizinische Behandlungsr\u00e4ume und Operationss\u00e4le. Durch die pr\u00e4zise Reproduktion des nat\u00fcrlichen Sonnenlichts, die gleichm\u00e4\u00dfige Lichtverteilung und die sehr hohe Qualit\u00e4t der Full Spectrum LED-Quellen sorgt diese Pendelleuchte f\u00fcr eine sehr komfortable und leistungsf\u00e4hige Beleuchtung.  Das Ergebnis:   Exzellente Sicht  Harmonische Funktion des Biorhythmus  Keine Gefahr f\u00fcr die Augen   | Solarspektrum | Sanftes Licht |\u00a0Nordlicht | Blue Control\u00a0| Ein \/ Aus-Betrieb &nbsp;","og_url":"https:\/\/degrek.com\/de\/produkt\/albedo-s50-0\/","og_site_name":"Degr\u00e9 K","article_modified_time":"2025-09-01T13:44:01+00:00","og_image":[{"width":1000,"height":1000,"url":"https:\/\/degrek.com\/wp-content\/uploads\/2020\/11\/n500.jpg","type":"image\/jpeg"}],"twitter_card":"summary_large_image","twitter_misc":{"Gesch\u00e4tzte Lesezeit":"1\u00a0Minute"},"schema":{"@context":"https:\/\/schema.org","@graph":[{"@type":"WebPage","@id":"https:\/\/degrek.com\/de\/produkt\/albedo-s50-0\/","url":"https:\/\/degrek.com\/de\/produkt\/albedo-s50-0\/","name":"Albedo S50.0 - Degr\u00e9 K","isPartOf":{"@id":"https:\/\/degrek.com\/de\/#website"},"primaryImageOfPage":{"@id":"https:\/\/degrek.com\/de\/produkt\/albedo-s50-0\/#primaryimage"},"image":{"@id":"https:\/\/degrek.com\/de\/produkt\/albedo-s50-0\/#primaryimage"},"thumbnailUrl":"https:\/\/degrek.com\/wp-content\/uploads\/2020\/11\/n500.jpg","datePublished":"2023-05-04T15:43:49+00:00","dateModified":"2025-09-01T13:44:01+00:00","breadcrumb":{"@id":"https:\/\/degrek.com\/de\/produkt\/albedo-s50-0\/#breadcrumb"},"inLanguage":"de","potentialAction":[{"@type":"ReadAction","target":["https:\/\/degrek.com\/de\/produkt\/albedo-s50-0\/"]}]},{"@type":"ImageObject","inLanguage":"de","@id":"https:\/\/degrek.com\/de\/produkt\/albedo-s50-0\/#primaryimage","url":"https:\/\/degrek.com\/wp-content\/uploads\/2020\/11\/n500.jpg","contentUrl":"https:\/\/degrek.com\/wp-content\/uploads\/2020\/11\/n500.jpg","width":1000,"height":1000},{"@type":"BreadcrumbList","@id":"https:\/\/degrek.com\/de\/produkt\/albedo-s50-0\/#breadcrumb","itemListElement":[{"@type":"ListItem","position":1,"name":"Accueil","item":"https:\/\/degrek.com\/de\/"},{"@type":"ListItem","position":2,"name":"Alle unsere Produkte","item":"https:\/\/degrek.com\/de\/geschaft\/"},{"@type":"ListItem","position":3,"name":"Albedo S50.0"}]},{"@type":"WebSite","@id":"https:\/\/degrek.com\/de\/#website","url":"https:\/\/degrek.com\/de\/","name":"Degr\u00e9 K","description":"Zahn\u00e4rztliche Beleuchtung","potentialAction":[{"@type":"SearchAction","target":{"@type":"EntryPoint","urlTemplate":"https:\/\/degrek.com\/de\/?s={search_term_string}"},"query-input":{"@type":"PropertyValueSpecification","valueRequired":true,"valueName":"search_term_string"}}],"inLanguage":"de"}]}},"_links":{"self":[{"href":"https:\/\/degrek.com\/de\/wp-json\/wp\/v2\/product\/17806","targetHints":{"allow":["GET"]}}],"collection":[{"href":"https:\/\/degrek.com\/de\/wp-json\/wp\/v2\/product"}],"about":[{"href":"https:\/\/degrek.com\/de\/wp-json\/wp\/v2\/types\/product"}],"wp:featuredmedia":[{"embeddable":true,"href":"https:\/\/degrek.com\/de\/wp-json\/wp\/v2\/media\/16359"}],"wp:attachment":[{"href":"https:\/\/degrek.com\/de\/wp-json\/wp\/v2\/media?parent=17806"}],"wp:term":[{"taxonomy":"product_brand","embeddable":true,"href":"https:\/\/degrek.com\/de\/wp-json\/wp\/v2\/product_brand?post=17806"},{"taxonomy":"product_cat","embeddable":true,"href":"https:\/\/degrek.com\/de\/wp-json\/wp\/v2\/product_cat?post=17806"},{"taxonomy":"product_tag","embeddable":true,"href":"https:\/\/degrek.com\/de\/wp-json\/wp\/v2\/product_tag?post=17806"}],"curies":[{"name":"wp","href":"https:\/\/api.w.org\/{rel}","templated":true}]}}