{"id":15336,"date":"2020-06-10T03:57:19","date_gmt":"2020-06-10T02:57:19","guid":{"rendered":"https:\/\/degrek.com\/boutique\/beratung-und-cad-studien\/"},"modified":"2022-01-21T12:25:24","modified_gmt":"2022-01-21T11:25:24","slug":"beratung-und-cad-studien","status":"publish","type":"product","link":"https:\/\/degrek.com\/de\/produkt\/beratung-und-cad-studien\/","title":{"rendered":"Beratung und CAD-Studien, um Ihre Beleuchtung zu optimieren"},"content":{"rendered":"[vc_row type=&#8220;in_container&#8220; full_screen_row_position=&#8220;middle&#8220; column_margin=&#8220;70px&#8220; column_direction=&#8220;default&#8220; column_direction_tablet=&#8220;default&#8220; column_direction_phone=&#8220;default&#8220; scene_position=&#8220;center&#8220; text_color=&#8220;dark&#8220; text_align=&#8220;left&#8220; row_border_radius=&#8220;none&#8220; row_border_radius_applies=&#8220;bg&#8220; id=&#8220;description&#8220; overlay_strength=&#8220;0.3&#8243; gradient_direction=&#8220;left_to_right&#8220; shape_divider_position=&#8220;bottom&#8220; bg_image_animation=&#8220;none&#8220; shape_type=&#8220;&#8220;][vc_column column_padding=&#8220;no-extra-padding&#8220; column_padding_tablet=&#8220;inherit&#8220; column_padding_phone=&#8220;inherit&#8220; column_padding_position=&#8220;all&#8220; background_color_opacity=&#8220;1&#8243; background_hover_color_opacity=&#8220;1&#8243; column_shadow=&#8220;none&#8220; column_border_radius=&#8220;none&#8220; column_link_target=&#8220;_self&#8220; gradient_direction=&#8220;left_to_right&#8220; overlay_strength=&#8220;0.3&#8243; width=&#8220;1\/4&#8243; tablet_width_inherit=&#8220;default&#8220; tablet_text_alignment=&#8220;default&#8220; phone_text_alignment=&#8220;default&#8220; column_border_width=&#8220;none&#8220; column_border_style=&#8220;solid&#8220; bg_image_animation=&#8220;none&#8220;][\/vc_column][vc_column column_padding=&#8220;padding-5-percent&#8220; column_padding_tablet=&#8220;inherit&#8220; column_padding_phone=&#8220;inherit&#8220; column_padding_position=&#8220;left&#8220; background_color_opacity=&#8220;1&#8243; background_hover_color_opacity=&#8220;1&#8243; column_shadow=&#8220;none&#8220; column_border_radius=&#8220;none&#8220; column_link_target=&#8220;_self&#8220; gradient_direction=&#8220;left_to_right&#8220; overlay_strength=&#8220;0.3&#8243; width=&#8220;1\/2&#8243; tablet_width_inherit=&#8220;default&#8220; tablet_text_alignment=&#8220;default&#8220; phone_text_alignment=&#8220;default&#8220; column_border_width=&#8220;none&#8220; column_border_style=&#8220;solid&#8220; bg_image_animation=&#8220;none&#8220;][vc_column_text]\n<h3><strong>F\u00fcr Ihre Projekte k\u00f6nnen Beleuchtungs-CAD-Studien durchgef\u00fchrt werden **.<\/strong><\/h3>\n<p>Sie basieren auf den besonderen Beleuchtungsbeschr\u00e4nkungen und der physischen Organisation der R\u00e4umlichkeiten. Sie ber\u00fccksichtigen die Architektur, Dekoration und spezifische Leistung jedes Ger\u00e4ts und entsprechen stets den aktuellen europ\u00e4ischen Standards. Die Auswahl und Positionierung der empfohlenen Ger\u00e4te garantiert eine ideale Beleuchtung. Entdecken Sie hier einige Beispiele f\u00fcr Beleuchtungsstudien:<\/p>\n<ul>\n<li><strong><strong><a href=\"https:\/\/degrek.com\/wp-content\/uploads\/file\/Relux_Etude%20CAO%20salle%20de%20soin.pdf\">Beleuchtungsstudie Behandlungsraum<\/a><\/strong><a href=\"https:\/\/degrek.com\/wp-content\/uploads\/file\/Relux_Etude%20CAO%20salle%20de%20soin.pdf\">*<\/a><\/strong><\/li>\n<li><strong><a href=\"https:\/\/degrek.com\/wp-content\/uploads\/file\/Relux_Etude%20CAO%20clinique.pdf\">Beleuchtungsstudie Global Professional Space (Klinik, gesamte Praxis, Zentrum)<\/a><\/strong><\/li>\n<\/ul>\n<p style=\"text-align: left;\">* <em>CAD-Studien f\u00fcr den einzigen Behandlungsraum sind nur f\u00fcr Behandlungsr\u00e4ume mit bestimmten Merkmalen n\u00fctzlich, insbesondere Deckenh\u00f6he gr\u00f6\u00dfer als 3 m, Raumfl\u00e4che gr\u00f6\u00dfer als 15 m\u00b2, nicht rechteckige Fl\u00e4che und \/ oder Vorhandensein architektonischer Elemente oder sehr bunte oder ges\u00e4ttigte Dekoration&#8230; ** F\u00fcr jede Bestellung von CAD-Studien werden wir Sie direkt kontaktieren, um Sie einzuladen, uns die erforderlichen obligatorischen Elemente zu senden: zitierter PDF-Plan, H\u00f6he unter der Decke, dekorative und \/ oder architektonische Auswahl und gegebenenfalls Fotos f\u00fcr die vorhandenen Orte<\/em><em>.<\/em><\/p>\n[\/vc_column_text][divider line_type=&#8220;No Line&#8220; custom_height=&#8220;50&#8243;][vc_column_text]\n<h3><strong>Die Lichtbed\u00fcrfnisse sind von einem Raum zum anderen unterschiedlich.<\/strong><\/h3>\n<p>Im Warteraum muss man entspannen, das Team am Empfang mobilisieren, einen flie\u00dfenden Durchlauf im Flurbereich sichern, im Behandlungsraum behandeln, im Sterilisationsraum desinfizieren. Die R\u00e4ume m\u00fcssen nach Anwendung ausgeleuchtet werden, eine verschiedene Lichtfarbe * haben, mehr oder weniger diffus und harmonisch sein, um visuellen Stress f\u00fcr Patienten, Arzt oder Zahnarzthilfe beim Durchlaufen zu vermieden.[\/vc_column_text][divider line_type=&#8220;No Line&#8220; custom_height=&#8220;50&#8243;][vc_column_text]\n<table width=\"683\">\n<thead>\n<tr>\n<td width=\"143\"><strong>Einsatzort<\/strong><\/td>\n<td width=\"540\"><strong>Lichttyp<\/strong><\/td>\n<\/tr>\n<tr>\n<td>Empfang<\/td>\n<td>dynamisches Licht um die Arbeit der Empfangsdame, Zahnarzthilfe zu erleichtern<\/td>\n<\/tr>\n<tr>\n<td>Warteraum<\/td>\n<td>mildes, beruhigendes Licht um den Patienten zu entspannen<\/td>\n<\/tr>\n<tr>\n<td>Durchgang<\/td>\n<td>dynamisches Licht mit steigender Lichtst\u00e4rke, um Patienten an den Behandlungsraum vorzubereiten<\/td>\n<\/tr>\n<tr>\n<td>Behandlungsraum<\/td>\n<td>Medizinisches Licht &#8222;Blue Control&#8220;, idealerweise Nordlicht<\/td>\n<\/tr>\n<tr>\n<td>Chirurgieraum<\/td>\n<td>Medizinisches Licht &#8222;Blue Control&#8220;, idealerweise Nordlicht<\/td>\n<\/tr>\n<tr>\n<td>Buro<\/td>\n<td>Beruhigendes und dynamisches Licht, um mit dem Patienten sprechen zu k\u00f6nnen<\/td>\n<\/tr>\n<tr>\n<td>Sterilisierung<\/td>\n<td>Hochintensives Licht &#8222;Blue Control&#8220; (visuelle Kontrolle der Instrumente vor der Sterilisation)<\/td>\n<\/tr>\n<\/thead>\n<\/table>\n[\/vc_column_text][divider line_type=&#8220;No Line&#8220; custom_height=&#8220;50&#8243;][vc_column_text]\n<h3>Die Lichtfarbe in \u00b0K*<\/h3>\n<blockquote>\n<h5 style=\"text-align: center;\"><span style=\"color: #ff9900;\"><em>&#8222;Alle Degr\u00e9 K Leuchten sind Blue Control&#8220;<\/em><\/span><\/h5>\n<\/blockquote>\n<ul>\n<li>warm-wei\u00df:\u00a0+\/- 3000K<\/li>\n<li>neutral-wei\u00df: 4000 \u00e0 5000K<\/li>\n<li>kalt-wei\u00df: 5000K, \u00a0ou D65<\/li>\n<\/ul>\n<p style=\"text-align: right;\">* degr\u00e9 Kelvin<\/p>\n[\/vc_column_text][divider line_type=&#8220;No Line&#8220; custom_height=&#8220;20&#8243;][vc_column_text]\n<table border=\"1\" cellspacing=\"1\" cellpadding=\"1\">\n<thead>\n<tr>\n<th scope=\"col\">Einsatzort<\/th>\n<th scope=\"col\">Lichtfarbe<\/th>\n<\/tr>\n<\/thead>\n<tbody>\n<tr>\n<td>Empfang<\/td>\n<td>neutral-wei\u00df<\/td>\n<\/tr>\n<tr>\n<td>Warteraum<\/td>\n<td>warm-wei\u00df<\/td>\n<\/tr>\n<tr>\n<td>Flur<\/td>\n<td>neutral-wei\u00df<\/td>\n<\/tr>\n<tr>\n<td>Behandlungsraum<\/td>\n<td>&#8222;Blue control&#8220;<\/td>\n<\/tr>\n<tr>\n<td>Chirurgie-Raum<\/td>\n<td>&#8222;Blue control&#8220;<\/td>\n<\/tr>\n<tr>\n<td>Orthodontie<\/td>\n<td>&#8222;Blue control&#8220;<\/td>\n<\/tr>\n<tr>\n<td>Steri-Raum<\/td>\n<td>&#8222;Blue control&#8220;<\/td>\n<\/tr>\n<tr>\n<td>B\u00fcro<\/td>\n<td>neutral-wei\u00df<\/td>\n<\/tr>\n<tr>\n<td>Arbeitzimmer<\/td>\n<td>neutral-wei\u00df<\/td>\n<\/tr>\n<\/tbody>\n<\/table>\n[\/vc_column_text][\/vc_column][vc_column column_padding=&#8220;no-extra-padding&#8220; column_padding_tablet=&#8220;inherit&#8220; column_padding_phone=&#8220;inherit&#8220; column_padding_position=&#8220;all&#8220; background_color_opacity=&#8220;1&#8243; background_hover_color_opacity=&#8220;1&#8243; column_shadow=&#8220;none&#8220; column_border_radius=&#8220;none&#8220; column_link_target=&#8220;_self&#8220; gradient_direction=&#8220;left_to_right&#8220; overlay_strength=&#8220;0.3&#8243; width=&#8220;1\/4&#8243; tablet_width_inherit=&#8220;default&#8220; tablet_text_alignment=&#8220;default&#8220; phone_text_alignment=&#8220;default&#8220; column_border_width=&#8220;none&#8220; column_border_style=&#8220;solid&#8220; bg_image_animation=&#8220;none&#8220;][\/vc_column][\/vc_row]\n","protected":false},"excerpt":{"rendered":"<p>[button open_new_tab=\"true\" color=\"extra-color-gradient-1\" hover_text_color_override=\"#fff\" size=\"large\" url=\"https:\/\/degrek.com\/prod\/cao\/\" text=\"ausf\u00fchrliche\u00a0Darstellung\" color_override=\"\"] Wir werden uns direkt mit Ihnen in Verbindung setzen, um Sie einzuladen, uns die erforderlichen obligatorischen Elemente zuzusenden: dimensionierter PDF-Plan, Deckenh\u00f6he, dekorative und \/ oder architektonische Auswahl und gegebenenfalls Fotos f\u00fcr vorhandene Orte. <strong>Wenn Sie eine erste kostenlose Beratung w\u00fcnschen, nutzen Sie unser Angebot, das bis zum 31.08.2020 g\u00fcltig ist, indem Sie die Referenz &#8222;Expertenberatung f\u00fcr Videokonferenzen&#8220; ausw\u00e4hlen.<\/strong><\/p>\n","protected":false},"featured_media":15193,"template":"","meta":[],"product_brand":[],"product_cat":[437],"product_tag":[],"class_list":{"0":"post-15336","1":"product","2":"type-product","3":"status-publish","4":"has-post-thumbnail","6":"product_cat-beratung-cad-studien","7":"product_shipping_class-ausrustung","8":"tm-no-options","10":"first","11":"instock","12":"taxable","13":"shipping-taxable","14":"purchasable","15":"product-type-variable"},"yoast_head":"<!-- This site is optimized with the Yoast SEO plugin v26.8 - https:\/\/yoast.com\/product\/yoast-seo-wordpress\/ -->\n<title>Beratung und CAD-Studien, um Ihre Beleuchtung zu optimieren - Degr\u00e9 K<\/title>\n<meta name=\"robots\" content=\"index, follow, max-snippet:-1, max-image-preview:large, max-video-preview:-1\" \/>\n<link rel=\"canonical\" href=\"https:\/\/degrek.com\/de\/produkt\/beratung-und-cad-studien\/\" \/>\n<meta property=\"og:locale\" content=\"de_DE\" \/>\n<meta property=\"og:type\" content=\"article\" \/>\n<meta property=\"og:title\" content=\"Beratung und CAD-Studien, um Ihre Beleuchtung zu optimieren - Degr\u00e9 K\" \/>\n<meta property=\"og:description\" content=\"Wir werden uns direkt mit Ihnen in Verbindung setzen, um Sie einzuladen, uns die erforderlichen obligatorischen Elemente zuzusenden: dimensionierter PDF-Plan, Deckenh\u00f6he, dekorative und \/ oder architektonische Auswahl und gegebenenfalls Fotos f\u00fcr vorhandene Orte. Wenn Sie eine erste kostenlose Beratung w\u00fcnschen, nutzen Sie unser Angebot, das bis zum 31.08.2020 g\u00fcltig ist, indem Sie die Referenz &quot;Expertenberatung f\u00fcr Videokonferenzen&quot; ausw\u00e4hlen.\" \/>\n<meta property=\"og:url\" content=\"https:\/\/degrek.com\/de\/produkt\/beratung-und-cad-studien\/\" \/>\n<meta property=\"og:site_name\" content=\"Degr\u00e9 K\" \/>\n<meta property=\"article:modified_time\" content=\"2022-01-21T11:25:24+00:00\" \/>\n<meta property=\"og:image\" content=\"https:\/\/degrek.com\/wp-content\/uploads\/2020\/05\/degrek-klinic-cao.jpg\" \/>\n\t<meta property=\"og:image:width\" content=\"800\" \/>\n\t<meta property=\"og:image:height\" content=\"800\" \/>\n\t<meta property=\"og:image:type\" content=\"image\/jpeg\" \/>\n<meta name=\"twitter:card\" content=\"summary_large_image\" \/>\n<meta name=\"twitter:label1\" content=\"Gesch\u00e4tzte Lesezeit\" \/>\n\t<meta name=\"twitter:data1\" content=\"3\u00a0Minuten\" \/>\n<script type=\"application\/ld+json\" class=\"yoast-schema-graph\">{\"@context\":\"https:\/\/schema.org\",\"@graph\":[{\"@type\":\"WebPage\",\"@id\":\"https:\/\/degrek.com\/de\/produkt\/beratung-und-cad-studien\/\",\"url\":\"https:\/\/degrek.com\/de\/produkt\/beratung-und-cad-studien\/\",\"name\":\"Beratung und CAD-Studien, um Ihre Beleuchtung zu optimieren - Degr\u00e9 K\",\"isPartOf\":{\"@id\":\"https:\/\/degrek.com\/de\/#website\"},\"primaryImageOfPage\":{\"@id\":\"https:\/\/degrek.com\/de\/produkt\/beratung-und-cad-studien\/#primaryimage\"},\"image\":{\"@id\":\"https:\/\/degrek.com\/de\/produkt\/beratung-und-cad-studien\/#primaryimage\"},\"thumbnailUrl\":\"https:\/\/degrek.com\/wp-content\/uploads\/2020\/05\/degrek-klinic-cao.jpg\",\"datePublished\":\"2020-06-10T02:57:19+00:00\",\"dateModified\":\"2022-01-21T11:25:24+00:00\",\"breadcrumb\":{\"@id\":\"https:\/\/degrek.com\/de\/produkt\/beratung-und-cad-studien\/#breadcrumb\"},\"inLanguage\":\"de\",\"potentialAction\":[{\"@type\":\"ReadAction\",\"target\":[\"https:\/\/degrek.com\/de\/produkt\/beratung-und-cad-studien\/\"]}]},{\"@type\":\"ImageObject\",\"inLanguage\":\"de\",\"@id\":\"https:\/\/degrek.com\/de\/produkt\/beratung-und-cad-studien\/#primaryimage\",\"url\":\"https:\/\/degrek.com\/wp-content\/uploads\/2020\/05\/degrek-klinic-cao.jpg\",\"contentUrl\":\"https:\/\/degrek.com\/wp-content\/uploads\/2020\/05\/degrek-klinic-cao.jpg\",\"width\":800,\"height\":800},{\"@type\":\"BreadcrumbList\",\"@id\":\"https:\/\/degrek.com\/de\/produkt\/beratung-und-cad-studien\/#breadcrumb\",\"itemListElement\":[{\"@type\":\"ListItem\",\"position\":1,\"name\":\"Accueil\",\"item\":\"https:\/\/degrek.com\/de\/\"},{\"@type\":\"ListItem\",\"position\":2,\"name\":\"Alle unsere Produkte\",\"item\":\"https:\/\/degrek.com\/de\/geschaft\/\"},{\"@type\":\"ListItem\",\"position\":3,\"name\":\"Beratung und CAD-Studien, um Ihre Beleuchtung zu optimieren\"}]},{\"@type\":\"WebSite\",\"@id\":\"https:\/\/degrek.com\/de\/#website\",\"url\":\"https:\/\/degrek.com\/de\/\",\"name\":\"Degr\u00e9 K\",\"description\":\"Zahn\u00e4rztliche Beleuchtung\",\"potentialAction\":[{\"@type\":\"SearchAction\",\"target\":{\"@type\":\"EntryPoint\",\"urlTemplate\":\"https:\/\/degrek.com\/de\/?s={search_term_string}\"},\"query-input\":{\"@type\":\"PropertyValueSpecification\",\"valueRequired\":true,\"valueName\":\"search_term_string\"}}],\"inLanguage\":\"de\"}]}<\/script>\n<!-- \/ Yoast SEO plugin. -->","yoast_head_json":{"title":"Beratung und CAD-Studien, um Ihre Beleuchtung zu optimieren - Degr\u00e9 K","robots":{"index":"index","follow":"follow","max-snippet":"max-snippet:-1","max-image-preview":"max-image-preview:large","max-video-preview":"max-video-preview:-1"},"canonical":"https:\/\/degrek.com\/de\/produkt\/beratung-und-cad-studien\/","og_locale":"de_DE","og_type":"article","og_title":"Beratung und CAD-Studien, um Ihre Beleuchtung zu optimieren - Degr\u00e9 K","og_description":"Wir werden uns direkt mit Ihnen in Verbindung setzen, um Sie einzuladen, uns die erforderlichen obligatorischen Elemente zuzusenden: dimensionierter PDF-Plan, Deckenh\u00f6he, dekorative und \/ oder architektonische Auswahl und gegebenenfalls Fotos f\u00fcr vorhandene Orte. Wenn Sie eine erste kostenlose Beratung w\u00fcnschen, nutzen Sie unser Angebot, das bis zum 31.08.2020 g\u00fcltig ist, indem Sie die Referenz \"Expertenberatung f\u00fcr Videokonferenzen\" ausw\u00e4hlen.","og_url":"https:\/\/degrek.com\/de\/produkt\/beratung-und-cad-studien\/","og_site_name":"Degr\u00e9 K","article_modified_time":"2022-01-21T11:25:24+00:00","og_image":[{"width":800,"height":800,"url":"https:\/\/degrek.com\/wp-content\/uploads\/2020\/05\/degrek-klinic-cao.jpg","type":"image\/jpeg"}],"twitter_card":"summary_large_image","twitter_misc":{"Gesch\u00e4tzte Lesezeit":"3\u00a0Minuten"},"schema":{"@context":"https:\/\/schema.org","@graph":[{"@type":"WebPage","@id":"https:\/\/degrek.com\/de\/produkt\/beratung-und-cad-studien\/","url":"https:\/\/degrek.com\/de\/produkt\/beratung-und-cad-studien\/","name":"Beratung und CAD-Studien, um Ihre Beleuchtung zu optimieren - Degr\u00e9 K","isPartOf":{"@id":"https:\/\/degrek.com\/de\/#website"},"primaryImageOfPage":{"@id":"https:\/\/degrek.com\/de\/produkt\/beratung-und-cad-studien\/#primaryimage"},"image":{"@id":"https:\/\/degrek.com\/de\/produkt\/beratung-und-cad-studien\/#primaryimage"},"thumbnailUrl":"https:\/\/degrek.com\/wp-content\/uploads\/2020\/05\/degrek-klinic-cao.jpg","datePublished":"2020-06-10T02:57:19+00:00","dateModified":"2022-01-21T11:25:24+00:00","breadcrumb":{"@id":"https:\/\/degrek.com\/de\/produkt\/beratung-und-cad-studien\/#breadcrumb"},"inLanguage":"de","potentialAction":[{"@type":"ReadAction","target":["https:\/\/degrek.com\/de\/produkt\/beratung-und-cad-studien\/"]}]},{"@type":"ImageObject","inLanguage":"de","@id":"https:\/\/degrek.com\/de\/produkt\/beratung-und-cad-studien\/#primaryimage","url":"https:\/\/degrek.com\/wp-content\/uploads\/2020\/05\/degrek-klinic-cao.jpg","contentUrl":"https:\/\/degrek.com\/wp-content\/uploads\/2020\/05\/degrek-klinic-cao.jpg","width":800,"height":800},{"@type":"BreadcrumbList","@id":"https:\/\/degrek.com\/de\/produkt\/beratung-und-cad-studien\/#breadcrumb","itemListElement":[{"@type":"ListItem","position":1,"name":"Accueil","item":"https:\/\/degrek.com\/de\/"},{"@type":"ListItem","position":2,"name":"Alle unsere Produkte","item":"https:\/\/degrek.com\/de\/geschaft\/"},{"@type":"ListItem","position":3,"name":"Beratung und CAD-Studien, um Ihre Beleuchtung zu optimieren"}]},{"@type":"WebSite","@id":"https:\/\/degrek.com\/de\/#website","url":"https:\/\/degrek.com\/de\/","name":"Degr\u00e9 K","description":"Zahn\u00e4rztliche Beleuchtung","potentialAction":[{"@type":"SearchAction","target":{"@type":"EntryPoint","urlTemplate":"https:\/\/degrek.com\/de\/?s={search_term_string}"},"query-input":{"@type":"PropertyValueSpecification","valueRequired":true,"valueName":"search_term_string"}}],"inLanguage":"de"}]}},"_links":{"self":[{"href":"https:\/\/degrek.com\/de\/wp-json\/wp\/v2\/product\/15336","targetHints":{"allow":["GET"]}}],"collection":[{"href":"https:\/\/degrek.com\/de\/wp-json\/wp\/v2\/product"}],"about":[{"href":"https:\/\/degrek.com\/de\/wp-json\/wp\/v2\/types\/product"}],"wp:featuredmedia":[{"embeddable":true,"href":"https:\/\/degrek.com\/de\/wp-json\/wp\/v2\/media\/15193"}],"wp:attachment":[{"href":"https:\/\/degrek.com\/de\/wp-json\/wp\/v2\/media?parent=15336"}],"wp:term":[{"taxonomy":"product_brand","embeddable":true,"href":"https:\/\/degrek.com\/de\/wp-json\/wp\/v2\/product_brand?post=15336"},{"taxonomy":"product_cat","embeddable":true,"href":"https:\/\/degrek.com\/de\/wp-json\/wp\/v2\/product_cat?post=15336"},{"taxonomy":"product_tag","embeddable":true,"href":"https:\/\/degrek.com\/de\/wp-json\/wp\/v2\/product_tag?post=15336"}],"curies":[{"name":"wp","href":"https:\/\/api.w.org\/{rel}","templated":true}]}}