{"id":15298,"date":"2020-08-22T23:19:26","date_gmt":"2020-08-22T22:19:26","guid":{"rendered":"https:\/\/degrek.com\/boutique\/albedo-led-d65\/"},"modified":"2025-09-01T14:34:57","modified_gmt":"2025-09-01T13:34:57","slug":"albedo-led-d65","status":"publish","type":"product","link":"https:\/\/degrek.com\/de\/produkt\/albedo-led-d65\/","title":{"rendered":"Albedo D65.RT"},"content":{"rendered":"[vc_row type=&#8220;in_container&#8220; full_screen_row_position=&#8220;middle&#8220; column_margin=&#8220;default&#8220; column_direction=&#8220;default&#8220; column_direction_tablet=&#8220;default&#8220; column_direction_phone=&#8220;default&#8220; scene_position=&#8220;center&#8220; text_color=&#8220;dark&#8220; text_align=&#8220;left&#8220; row_border_radius=&#8220;none&#8220; row_border_radius_applies=&#8220;bg&#8220; overflow=&#8220;visible&#8220; overlay_strength=&#8220;0.3&#8243; gradient_direction=&#8220;left_to_right&#8220; shape_divider_position=&#8220;bottom&#8220; bg_image_animation=&#8220;none&#8220;][vc_column column_padding=&#8220;no-extra-padding&#8220; column_padding_tablet=&#8220;inherit&#8220; column_padding_phone=&#8220;inherit&#8220; column_padding_position=&#8220;all&#8220; column_element_spacing=&#8220;default&#8220; background_color_opacity=&#8220;1&#8243; background_hover_color_opacity=&#8220;1&#8243; column_shadow=&#8220;none&#8220; column_border_radius=&#8220;none&#8220; column_link_target=&#8220;_self&#8220; column_position=&#8220;default&#8220; gradient_direction=&#8220;left_to_right&#8220; overlay_strength=&#8220;0.3&#8243; width=&#8220;1\/1&#8243; tablet_width_inherit=&#8220;default&#8220; tablet_text_alignment=&#8220;default&#8220; phone_text_alignment=&#8220;default&#8220; animation_type=&#8220;default&#8220; bg_image_animation=&#8220;none&#8220; border_type=&#8220;simple&#8220; column_border_width=&#8220;none&#8220; column_border_style=&#8220;solid&#8220;][nectar_global_section id=&#8220;17397&#8243;][\/vc_column][\/vc_row]\n","protected":false},"excerpt":{"rendered":"<p>[nectar_cta btn_style=&#8220;material&#8220; heading_tag=&#8220;h5&#8243; text_color=&#8220;#000000&#8243; link_type=&#8220;video_lightbox&#8220; alignment=&#8220;right&#8220; display=&#8220;block&#8220; link_text=&#8220;3D-PR\u00c4SENTATION&#8220; url=&#8220;https:\/\/degrek.com\/wp-content\/uploads\/2021\/04\/N50.mp4&#8243;]<\/p>\n[button open_new_tab=\"true\" color=\"extra-color-gradient-1\" hover_text_color_override=\"#fff\" size=\"large\" url=\"https:\/\/degrek.com\/de\/prod\/albedo-ledd65\/\" text=\"ausf\u00fchrliche Darstellung\" color_override=\"\"]\n<p>Version .RT: <strong>Regulierbar und vernetzt, mit Fernbedienung\u00a0<\/strong>(Regul., LUX+)<\/p>\n<h3>Preis, Leuchte installiert: <strong><span style=\"color: #2ac4ea;\">4.375 <\/span><span style=\"color: #2ac4ea;\">\u20ac <\/span><\/strong><span style=\"color: #2ac4ea;\"><span style=\"color: #000000; font-size: 12px; font-weight: 600;\">zzgl. MwSt.<\/span>\u00a0<span style=\"color: #000000;\">|<\/span> 5.250 \u20ac <span style=\"color: #000000; font-size: 12px; font-weight: 600;\">\u00a0incl. MwSt<\/span><\/span><\/h3>\n<p>Un\u00fcbertroffene Reproduktion des nat\u00fcrlichen Tageslichts, Schutz der Gesundheit und der Augen, unvergleichlicher Arbeitskomfort, maximale Sehsch\u00e4rfe: <strong>ALB\u00c9DO D65.RT<\/strong>, das Spitzenmodell der Deckenleuchten von Degr\u00e9 K, ist ein Wohlf\u00fchlfaktor f\u00fcr sich. Seine Vorteile sind einzigartig:<\/p>\n<ul>\n<li>Perfekte Sicht und Sehkraft ohne Erm\u00fcdung<\/li>\n<li>Steigerung der Arbeitsproduktivit\u00e4t<\/li>\n<li>Verbesserung der Gesundheit und Leistungsf\u00e4higkeit<\/li>\n<\/ul>\n<h6>| <span style=\"color: #2ac4ea;\"><strong>Spektrum D65 <\/strong><\/span>| <span style=\"color: #2ac4ea;\"><strong>Sanftes Licht <\/strong><\/span>|\u00a0<span style=\"color: #2ac4ea;\"><strong>Nordlicht <\/strong><\/span>| <span style=\"color: #2ac4ea;\"><strong>Blue Control<\/strong><\/span><span style=\"color: #2ac4ea;\"><strong>\u00a0<\/strong><\/span>| <span style=\"color: #2ac4ea;\"><strong>vernetzt mit Fernbedienung<\/strong><\/span><\/h6>\n<p>&nbsp;<\/p>\n","protected":false},"featured_media":16616,"template":"","meta":[],"product_brand":[],"product_cat":[383,385],"product_tag":[],"class_list":{"0":"post-15298","1":"product","2":"type-product","3":"status-publish","4":"has-post-thumbnail","6":"product_cat-pendelleuchten-led-panel","7":"product_cat-albedo-de","8":"product_shipping_class-ausrustung","9":"types-dexercice-allgemeine-zahnmedizin","10":"types-dexercice-oralchirurgie-implantologie","11":"types-dexercice-aestetische-zahnmedizin","12":"types-dexercice-kieferorthopaedie","13":"types-dexercice-zahntechniker","14":"types-dexercice-aesthetischen-medizin","15":"types-dexercice-dermatologie-de","16":"zones-dutilisation-behandlungsraeume","17":"zones-dutilisation-op-arbeitsfeld","18":"zones-dutilisation-zahntechnische-labor","19":"specificites-d65-zertifiziertes-spektrum","20":"specificites-nordlicht","21":"specificites-hev-blaulichtschutz","22":"specificites-einstellung-der-lichtstaerke","23":"specificites-hygiene-de","24":"specificites-standardgroesse-behandlungsraum","25":"specificites-grosser-behandlungsraum","26":"tm-has-options","28":"first","29":"instock","30":"taxable","31":"shipping-taxable","32":"purchasable","33":"product-type-simple"},"yoast_head":"<!-- This site is optimized with the Yoast SEO plugin v26.8 - https:\/\/yoast.com\/product\/yoast-seo-wordpress\/ -->\n<title>Albedo D65.RT - Degr\u00e9 K<\/title>\n<meta name=\"robots\" content=\"index, follow, max-snippet:-1, max-image-preview:large, max-video-preview:-1\" \/>\n<link rel=\"canonical\" href=\"https:\/\/degrek.com\/de\/produkt\/albedo-led-d65\/\" \/>\n<meta property=\"og:locale\" content=\"de_DE\" \/>\n<meta property=\"og:type\" content=\"article\" \/>\n<meta property=\"og:title\" content=\"Albedo D65.RT - Degr\u00e9 K\" \/>\n<meta property=\"og:description\" content=\"[nectar_cta btn_style=&quot;material&quot; heading_tag=&quot;h5&quot; text_color=&quot;#000000&quot; link_type=&quot;video_lightbox&quot; alignment=&quot;right&quot; display=&quot;block&quot; link_text=&quot;3D-PR\u00c4SENTATION&quot; url=&quot;https:\/\/degrek.com\/wp-content\/uploads\/2021\/04\/N50.mp4&quot;]    Version .RT: Regulierbar und vernetzt, mit Fernbedienung\u00a0(Regul., LUX+) Preis, Leuchte installiert: 4.375 \u20ac zzgl. MwSt.\u00a0| 5.250 \u20ac \u00a0incl. MwSt Un\u00fcbertroffene Reproduktion des nat\u00fcrlichen Tageslichts, Schutz der Gesundheit und der Augen, unvergleichlicher Arbeitskomfort, maximale Sehsch\u00e4rfe: ALB\u00c9DO D65.RT, das Spitzenmodell der Deckenleuchten von Degr\u00e9 K, ist ein Wohlf\u00fchlfaktor f\u00fcr sich. Seine Vorteile sind einzigartig:   Perfekte Sicht und Sehkraft ohne Erm\u00fcdung  Steigerung der Arbeitsproduktivit\u00e4t  Verbesserung der Gesundheit und Leistungsf\u00e4higkeit  | Spektrum D65 | Sanftes Licht |\u00a0Nordlicht | Blue Control\u00a0| vernetzt mit Fernbedienung &nbsp;\" \/>\n<meta property=\"og:url\" content=\"https:\/\/degrek.com\/de\/produkt\/albedo-led-d65\/\" \/>\n<meta property=\"og:site_name\" content=\"Degr\u00e9 K\" \/>\n<meta property=\"article:modified_time\" content=\"2025-09-01T13:34:57+00:00\" \/>\n<meta property=\"og:image\" content=\"https:\/\/degrek.com\/wp-content\/uploads\/2021\/04\/d65.jpg\" \/>\n\t<meta property=\"og:image:width\" content=\"1000\" \/>\n\t<meta property=\"og:image:height\" content=\"1000\" \/>\n\t<meta property=\"og:image:type\" content=\"image\/jpeg\" \/>\n<meta name=\"twitter:card\" content=\"summary_large_image\" \/>\n<meta name=\"twitter:label1\" content=\"Gesch\u00e4tzte Lesezeit\" \/>\n\t<meta name=\"twitter:data1\" content=\"1\u00a0Minute\" \/>\n<script type=\"application\/ld+json\" class=\"yoast-schema-graph\">{\"@context\":\"https:\/\/schema.org\",\"@graph\":[{\"@type\":\"WebPage\",\"@id\":\"https:\/\/degrek.com\/de\/produkt\/albedo-led-d65\/\",\"url\":\"https:\/\/degrek.com\/de\/produkt\/albedo-led-d65\/\",\"name\":\"Albedo D65.RT - Degr\u00e9 K\",\"isPartOf\":{\"@id\":\"https:\/\/degrek.com\/de\/#website\"},\"primaryImageOfPage\":{\"@id\":\"https:\/\/degrek.com\/de\/produkt\/albedo-led-d65\/#primaryimage\"},\"image\":{\"@id\":\"https:\/\/degrek.com\/de\/produkt\/albedo-led-d65\/#primaryimage\"},\"thumbnailUrl\":\"https:\/\/degrek.com\/wp-content\/uploads\/2021\/04\/d65.jpg\",\"datePublished\":\"2020-08-22T22:19:26+00:00\",\"dateModified\":\"2025-09-01T13:34:57+00:00\",\"breadcrumb\":{\"@id\":\"https:\/\/degrek.com\/de\/produkt\/albedo-led-d65\/#breadcrumb\"},\"inLanguage\":\"de\",\"potentialAction\":[{\"@type\":\"ReadAction\",\"target\":[\"https:\/\/degrek.com\/de\/produkt\/albedo-led-d65\/\"]}]},{\"@type\":\"ImageObject\",\"inLanguage\":\"de\",\"@id\":\"https:\/\/degrek.com\/de\/produkt\/albedo-led-d65\/#primaryimage\",\"url\":\"https:\/\/degrek.com\/wp-content\/uploads\/2021\/04\/d65.jpg\",\"contentUrl\":\"https:\/\/degrek.com\/wp-content\/uploads\/2021\/04\/d65.jpg\",\"width\":1000,\"height\":1000},{\"@type\":\"BreadcrumbList\",\"@id\":\"https:\/\/degrek.com\/de\/produkt\/albedo-led-d65\/#breadcrumb\",\"itemListElement\":[{\"@type\":\"ListItem\",\"position\":1,\"name\":\"Accueil\",\"item\":\"https:\/\/degrek.com\/de\/\"},{\"@type\":\"ListItem\",\"position\":2,\"name\":\"Alle unsere Produkte\",\"item\":\"https:\/\/degrek.com\/de\/geschaft\/\"},{\"@type\":\"ListItem\",\"position\":3,\"name\":\"Albedo D65.RT\"}]},{\"@type\":\"WebSite\",\"@id\":\"https:\/\/degrek.com\/de\/#website\",\"url\":\"https:\/\/degrek.com\/de\/\",\"name\":\"Degr\u00e9 K\",\"description\":\"Zahn\u00e4rztliche Beleuchtung\",\"potentialAction\":[{\"@type\":\"SearchAction\",\"target\":{\"@type\":\"EntryPoint\",\"urlTemplate\":\"https:\/\/degrek.com\/de\/?s={search_term_string}\"},\"query-input\":{\"@type\":\"PropertyValueSpecification\",\"valueRequired\":true,\"valueName\":\"search_term_string\"}}],\"inLanguage\":\"de\"}]}<\/script>\n<!-- \/ Yoast SEO plugin. -->","yoast_head_json":{"title":"Albedo D65.RT - Degr\u00e9 K","robots":{"index":"index","follow":"follow","max-snippet":"max-snippet:-1","max-image-preview":"max-image-preview:large","max-video-preview":"max-video-preview:-1"},"canonical":"https:\/\/degrek.com\/de\/produkt\/albedo-led-d65\/","og_locale":"de_DE","og_type":"article","og_title":"Albedo D65.RT - Degr\u00e9 K","og_description":"[nectar_cta btn_style=\"material\" heading_tag=\"h5\" text_color=\"#000000\" link_type=\"video_lightbox\" alignment=\"right\" display=\"block\" link_text=\"3D-PR\u00c4SENTATION\" url=\"https:\/\/degrek.com\/wp-content\/uploads\/2021\/04\/N50.mp4\"]    Version .RT: Regulierbar und vernetzt, mit Fernbedienung\u00a0(Regul., LUX+) Preis, Leuchte installiert: 4.375 \u20ac zzgl. MwSt.\u00a0| 5.250 \u20ac \u00a0incl. MwSt Un\u00fcbertroffene Reproduktion des nat\u00fcrlichen Tageslichts, Schutz der Gesundheit und der Augen, unvergleichlicher Arbeitskomfort, maximale Sehsch\u00e4rfe: ALB\u00c9DO D65.RT, das Spitzenmodell der Deckenleuchten von Degr\u00e9 K, ist ein Wohlf\u00fchlfaktor f\u00fcr sich. Seine Vorteile sind einzigartig:   Perfekte Sicht und Sehkraft ohne Erm\u00fcdung  Steigerung der Arbeitsproduktivit\u00e4t  Verbesserung der Gesundheit und Leistungsf\u00e4higkeit  | Spektrum D65 | Sanftes Licht |\u00a0Nordlicht | Blue Control\u00a0| vernetzt mit Fernbedienung &nbsp;","og_url":"https:\/\/degrek.com\/de\/produkt\/albedo-led-d65\/","og_site_name":"Degr\u00e9 K","article_modified_time":"2025-09-01T13:34:57+00:00","og_image":[{"width":1000,"height":1000,"url":"https:\/\/degrek.com\/wp-content\/uploads\/2021\/04\/d65.jpg","type":"image\/jpeg"}],"twitter_card":"summary_large_image","twitter_misc":{"Gesch\u00e4tzte Lesezeit":"1\u00a0Minute"},"schema":{"@context":"https:\/\/schema.org","@graph":[{"@type":"WebPage","@id":"https:\/\/degrek.com\/de\/produkt\/albedo-led-d65\/","url":"https:\/\/degrek.com\/de\/produkt\/albedo-led-d65\/","name":"Albedo D65.RT - Degr\u00e9 K","isPartOf":{"@id":"https:\/\/degrek.com\/de\/#website"},"primaryImageOfPage":{"@id":"https:\/\/degrek.com\/de\/produkt\/albedo-led-d65\/#primaryimage"},"image":{"@id":"https:\/\/degrek.com\/de\/produkt\/albedo-led-d65\/#primaryimage"},"thumbnailUrl":"https:\/\/degrek.com\/wp-content\/uploads\/2021\/04\/d65.jpg","datePublished":"2020-08-22T22:19:26+00:00","dateModified":"2025-09-01T13:34:57+00:00","breadcrumb":{"@id":"https:\/\/degrek.com\/de\/produkt\/albedo-led-d65\/#breadcrumb"},"inLanguage":"de","potentialAction":[{"@type":"ReadAction","target":["https:\/\/degrek.com\/de\/produkt\/albedo-led-d65\/"]}]},{"@type":"ImageObject","inLanguage":"de","@id":"https:\/\/degrek.com\/de\/produkt\/albedo-led-d65\/#primaryimage","url":"https:\/\/degrek.com\/wp-content\/uploads\/2021\/04\/d65.jpg","contentUrl":"https:\/\/degrek.com\/wp-content\/uploads\/2021\/04\/d65.jpg","width":1000,"height":1000},{"@type":"BreadcrumbList","@id":"https:\/\/degrek.com\/de\/produkt\/albedo-led-d65\/#breadcrumb","itemListElement":[{"@type":"ListItem","position":1,"name":"Accueil","item":"https:\/\/degrek.com\/de\/"},{"@type":"ListItem","position":2,"name":"Alle unsere Produkte","item":"https:\/\/degrek.com\/de\/geschaft\/"},{"@type":"ListItem","position":3,"name":"Albedo D65.RT"}]},{"@type":"WebSite","@id":"https:\/\/degrek.com\/de\/#website","url":"https:\/\/degrek.com\/de\/","name":"Degr\u00e9 K","description":"Zahn\u00e4rztliche Beleuchtung","potentialAction":[{"@type":"SearchAction","target":{"@type":"EntryPoint","urlTemplate":"https:\/\/degrek.com\/de\/?s={search_term_string}"},"query-input":{"@type":"PropertyValueSpecification","valueRequired":true,"valueName":"search_term_string"}}],"inLanguage":"de"}]}},"_links":{"self":[{"href":"https:\/\/degrek.com\/de\/wp-json\/wp\/v2\/product\/15298","targetHints":{"allow":["GET"]}}],"collection":[{"href":"https:\/\/degrek.com\/de\/wp-json\/wp\/v2\/product"}],"about":[{"href":"https:\/\/degrek.com\/de\/wp-json\/wp\/v2\/types\/product"}],"wp:featuredmedia":[{"embeddable":true,"href":"https:\/\/degrek.com\/de\/wp-json\/wp\/v2\/media\/16616"}],"wp:attachment":[{"href":"https:\/\/degrek.com\/de\/wp-json\/wp\/v2\/media?parent=15298"}],"wp:term":[{"taxonomy":"product_brand","embeddable":true,"href":"https:\/\/degrek.com\/de\/wp-json\/wp\/v2\/product_brand?post=15298"},{"taxonomy":"product_cat","embeddable":true,"href":"https:\/\/degrek.com\/de\/wp-json\/wp\/v2\/product_cat?post=15298"},{"taxonomy":"product_tag","embeddable":true,"href":"https:\/\/degrek.com\/de\/wp-json\/wp\/v2\/product_tag?post=15298"}],"curies":[{"name":"wp","href":"https:\/\/api.w.org\/{rel}","templated":true}]}}