{"id":13056,"date":"2019-09-24T08:10:00","date_gmt":"2019-09-24T07:10:00","guid":{"rendered":"https:\/\/degrek.com\/boutique\/candela-d65-4\/"},"modified":"2025-09-01T14:46:00","modified_gmt":"2025-09-01T13:46:00","slug":"candela-d65-4","status":"publish","type":"product","link":"https:\/\/degrek.com\/de\/produkt\/candela-d65-4\/","title":{"rendered":"Candela &#8211; D65.4"},"content":{"rendered":"[vc_row type=&#8220;in_container&#8220; full_screen_row_position=&#8220;middle&#8220; column_margin=&#8220;default&#8220; column_direction=&#8220;default&#8220; column_direction_tablet=&#8220;default&#8220; column_direction_phone=&#8220;default&#8220; scene_position=&#8220;center&#8220; text_color=&#8220;dark&#8220; text_align=&#8220;left&#8220; row_border_radius=&#8220;none&#8220; row_border_radius_applies=&#8220;bg&#8220; overflow=&#8220;visible&#8220; overlay_strength=&#8220;0.3&#8243; gradient_direction=&#8220;left_to_right&#8220; shape_divider_position=&#8220;bottom&#8220; bg_image_animation=&#8220;none&#8220;][vc_column column_padding=&#8220;no-extra-padding&#8220; column_padding_tablet=&#8220;inherit&#8220; column_padding_phone=&#8220;inherit&#8220; column_padding_position=&#8220;all&#8220; column_element_spacing=&#8220;default&#8220; background_color_opacity=&#8220;1&#8243; background_hover_color_opacity=&#8220;1&#8243; column_shadow=&#8220;none&#8220; column_border_radius=&#8220;none&#8220; column_link_target=&#8220;_self&#8220; column_position=&#8220;default&#8220; gradient_direction=&#8220;left_to_right&#8220; overlay_strength=&#8220;0.3&#8243; width=&#8220;1\/1&#8243; tablet_width_inherit=&#8220;default&#8220; tablet_text_alignment=&#8220;default&#8220; phone_text_alignment=&#8220;default&#8220; animation_type=&#8220;default&#8220; bg_image_animation=&#8220;none&#8220; border_type=&#8220;simple&#8220; column_border_width=&#8220;none&#8220; column_border_style=&#8220;solid&#8220;][nectar_global_section id=&#8220;17391&#8243;][\/vc_column][\/vc_row]\n","protected":false},"excerpt":{"rendered":"[button open_new_tab=\"true\" color=\"extra-color-gradient-1\" hover_text_color_override=\"#fff\" size=\"large\" url=\"https:\/\/degrek.com\/de\/prod\/candela-d65\/\" text=\"ausf\u00fchrliche Darstellung\" color_override=\"\"]\n<h5>Version On\/Off<\/h5>\n<h3><strong>Preis, Leuchte installiert: <\/strong><span style=\"color: #2ac4ea;\"><strong>3.175 \u20ac <\/strong><\/span><span style=\"color: #2ac4ea;\"><span style=\"color: #000000; font-size: 12px; font-weight: 600;\">zzgl. MwSt.<\/span>\u00a0<span style=\"color: #000000;\">|<\/span><\/span><\/h3>\n<h3><span style=\"color: #2ac4ea;\">\u00a0<\/span><span style=\"color: #2ac4ea;\">3.810 \u20ac <\/span><span style=\"color: #2ac4ea;\"><span style=\"color: #000000; font-size: 12px; font-weight: 600;\">incl. MwSt<\/span><\/span><\/h3>\n<h5><\/h5>\n<p><strong>CANDELA D65.4<\/strong> ist ein Set aus 4 D65-zertifizierten Panels. Das D65-Spektrum der 4 Einbaupanels bietet Ihnen einen unvergleichlichen Komfort im Alltag und eine perfekte Sicht. Die BLUE CONTROL-Technologie sch\u00fctzt Ihre Augen jederzeit. Sie profitieren au\u00dferdem von allen technologischen Raffinessen und der hohen Fertigungsqualit\u00e4t von Degr\u00e9 K.<\/p>\n<h6>| <span style=\"color: #2ac4ea;\"><strong>Spektrum D65 <\/strong><\/span>| <span style=\"color: #2ac4ea;\"><strong>Sanftes Licht <\/strong><\/span>| <span style=\"color: #2ac4ea;\"><strong>Blue Control<\/strong><\/span><span style=\"color: #2ac4ea;\"><strong>\u00a0<\/strong><\/span>| <span style=\"color: #2ac4ea;\"><strong>On\/Off\u00a0<\/strong><\/span>|<\/h6>\n","protected":false},"featured_media":16242,"template":"","meta":[],"product_brand":[],"product_cat":[383,384],"product_tag":[],"class_list":{"0":"post-13056","1":"product","2":"type-product","3":"status-publish","4":"has-post-thumbnail","6":"product_cat-pendelleuchten-led-panel","7":"product_cat-candela-de","8":"product_shipping_class-ausrustung","9":"types-dexercice-allgemeine-zahnmedizin","10":"types-dexercice-oralchirurgie-implantologie","11":"types-dexercice-aestetische-zahnmedizin","12":"types-dexercice-kieferorthopaedie","13":"types-dexercice-aesthetischen-medizin","14":"types-dexercice-dermatologie-de","15":"zones-dutilisation-behandlungsraeume","16":"zones-dutilisation-op-arbeitsfeld","17":"zones-dutilisation-zahntechnische-labor","18":"specificites-d65-zertifiziertes-spektrum","19":"specificites-eingebaut","20":"specificites-hev-blaulichtschutz","21":"specificites-hygiene-de","22":"specificites-standardgroesse-behandlungsraum","23":"specificites-grosser-behandlungsraum","24":"tm-has-options","26":"first","27":"instock","28":"taxable","29":"shipping-taxable","30":"purchasable","31":"product-type-simple"},"yoast_head":"<!-- This site is optimized with the Yoast SEO plugin v26.8 - https:\/\/yoast.com\/product\/yoast-seo-wordpress\/ -->\n<title>Candela - D65.4 - Degr\u00e9 K<\/title>\n<meta name=\"robots\" content=\"index, follow, max-snippet:-1, max-image-preview:large, max-video-preview:-1\" \/>\n<link rel=\"canonical\" href=\"https:\/\/degrek.com\/de\/produkt\/candela-d65-4\/\" \/>\n<meta property=\"og:locale\" content=\"de_DE\" \/>\n<meta property=\"og:type\" content=\"article\" \/>\n<meta property=\"og:title\" content=\"Candela - D65.4 - Degr\u00e9 K\" \/>\n<meta property=\"og:description\" content=\"Version On\/Off Preis, Leuchte installiert: 3.175 \u20ac zzgl. MwSt.\u00a0| \u00a03.810 \u20ac incl. MwSt  CANDELA D65.4 ist ein Set aus 4 D65-zertifizierten Panels. Das D65-Spektrum der 4 Einbaupanels bietet Ihnen einen unvergleichlichen Komfort im Alltag und eine perfekte Sicht. Die BLUE CONTROL-Technologie sch\u00fctzt Ihre Augen jederzeit. Sie profitieren au\u00dferdem von allen technologischen Raffinessen und der hohen Fertigungsqualit\u00e4t von Degr\u00e9 K. | Spektrum D65 | Sanftes Licht | Blue Control\u00a0| On\/Off\u00a0|\" \/>\n<meta property=\"og:url\" content=\"https:\/\/degrek.com\/de\/produkt\/candela-d65-4\/\" \/>\n<meta property=\"og:site_name\" content=\"Degr\u00e9 K\" \/>\n<meta property=\"article:modified_time\" content=\"2025-09-01T13:46:00+00:00\" \/>\n<meta property=\"og:image\" content=\"https:\/\/degrek.com\/wp-content\/uploads\/2019\/09\/candela-d65X.jpg\" \/>\n\t<meta property=\"og:image:width\" content=\"2000\" \/>\n\t<meta property=\"og:image:height\" content=\"2000\" \/>\n\t<meta property=\"og:image:type\" content=\"image\/jpeg\" \/>\n<meta name=\"twitter:card\" content=\"summary_large_image\" \/>\n<meta name=\"twitter:label1\" content=\"Gesch\u00e4tzte Lesezeit\" \/>\n\t<meta name=\"twitter:data1\" content=\"1\u00a0Minute\" \/>\n<script type=\"application\/ld+json\" class=\"yoast-schema-graph\">{\"@context\":\"https:\/\/schema.org\",\"@graph\":[{\"@type\":\"WebPage\",\"@id\":\"https:\/\/degrek.com\/de\/produkt\/candela-d65-4\/\",\"url\":\"https:\/\/degrek.com\/de\/produkt\/candela-d65-4\/\",\"name\":\"Candela - D65.4 - Degr\u00e9 K\",\"isPartOf\":{\"@id\":\"https:\/\/degrek.com\/de\/#website\"},\"primaryImageOfPage\":{\"@id\":\"https:\/\/degrek.com\/de\/produkt\/candela-d65-4\/#primaryimage\"},\"image\":{\"@id\":\"https:\/\/degrek.com\/de\/produkt\/candela-d65-4\/#primaryimage\"},\"thumbnailUrl\":\"https:\/\/degrek.com\/wp-content\/uploads\/2019\/09\/candela-d65X.jpg\",\"datePublished\":\"2019-09-24T07:10:00+00:00\",\"dateModified\":\"2025-09-01T13:46:00+00:00\",\"breadcrumb\":{\"@id\":\"https:\/\/degrek.com\/de\/produkt\/candela-d65-4\/#breadcrumb\"},\"inLanguage\":\"de\",\"potentialAction\":[{\"@type\":\"ReadAction\",\"target\":[\"https:\/\/degrek.com\/de\/produkt\/candela-d65-4\/\"]}]},{\"@type\":\"ImageObject\",\"inLanguage\":\"de\",\"@id\":\"https:\/\/degrek.com\/de\/produkt\/candela-d65-4\/#primaryimage\",\"url\":\"https:\/\/degrek.com\/wp-content\/uploads\/2019\/09\/candela-d65X.jpg\",\"contentUrl\":\"https:\/\/degrek.com\/wp-content\/uploads\/2019\/09\/candela-d65X.jpg\",\"width\":2000,\"height\":2000},{\"@type\":\"BreadcrumbList\",\"@id\":\"https:\/\/degrek.com\/de\/produkt\/candela-d65-4\/#breadcrumb\",\"itemListElement\":[{\"@type\":\"ListItem\",\"position\":1,\"name\":\"Accueil\",\"item\":\"https:\/\/degrek.com\/de\/\"},{\"@type\":\"ListItem\",\"position\":2,\"name\":\"Alle unsere Produkte\",\"item\":\"https:\/\/degrek.com\/de\/geschaft\/\"},{\"@type\":\"ListItem\",\"position\":3,\"name\":\"Candela &#8211; D65.4\"}]},{\"@type\":\"WebSite\",\"@id\":\"https:\/\/degrek.com\/de\/#website\",\"url\":\"https:\/\/degrek.com\/de\/\",\"name\":\"Degr\u00e9 K\",\"description\":\"Zahn\u00e4rztliche Beleuchtung\",\"potentialAction\":[{\"@type\":\"SearchAction\",\"target\":{\"@type\":\"EntryPoint\",\"urlTemplate\":\"https:\/\/degrek.com\/de\/?s={search_term_string}\"},\"query-input\":{\"@type\":\"PropertyValueSpecification\",\"valueRequired\":true,\"valueName\":\"search_term_string\"}}],\"inLanguage\":\"de\"}]}<\/script>\n<!-- \/ Yoast SEO plugin. -->","yoast_head_json":{"title":"Candela - D65.4 - Degr\u00e9 K","robots":{"index":"index","follow":"follow","max-snippet":"max-snippet:-1","max-image-preview":"max-image-preview:large","max-video-preview":"max-video-preview:-1"},"canonical":"https:\/\/degrek.com\/de\/produkt\/candela-d65-4\/","og_locale":"de_DE","og_type":"article","og_title":"Candela - D65.4 - Degr\u00e9 K","og_description":"Version On\/Off Preis, Leuchte installiert: 3.175 \u20ac zzgl. MwSt.\u00a0| \u00a03.810 \u20ac incl. MwSt  CANDELA D65.4 ist ein Set aus 4 D65-zertifizierten Panels. Das D65-Spektrum der 4 Einbaupanels bietet Ihnen einen unvergleichlichen Komfort im Alltag und eine perfekte Sicht. Die BLUE CONTROL-Technologie sch\u00fctzt Ihre Augen jederzeit. Sie profitieren au\u00dferdem von allen technologischen Raffinessen und der hohen Fertigungsqualit\u00e4t von Degr\u00e9 K. | Spektrum D65 | Sanftes Licht | Blue Control\u00a0| On\/Off\u00a0|","og_url":"https:\/\/degrek.com\/de\/produkt\/candela-d65-4\/","og_site_name":"Degr\u00e9 K","article_modified_time":"2025-09-01T13:46:00+00:00","og_image":[{"width":2000,"height":2000,"url":"https:\/\/degrek.com\/wp-content\/uploads\/2019\/09\/candela-d65X.jpg","type":"image\/jpeg"}],"twitter_card":"summary_large_image","twitter_misc":{"Gesch\u00e4tzte Lesezeit":"1\u00a0Minute"},"schema":{"@context":"https:\/\/schema.org","@graph":[{"@type":"WebPage","@id":"https:\/\/degrek.com\/de\/produkt\/candela-d65-4\/","url":"https:\/\/degrek.com\/de\/produkt\/candela-d65-4\/","name":"Candela - D65.4 - Degr\u00e9 K","isPartOf":{"@id":"https:\/\/degrek.com\/de\/#website"},"primaryImageOfPage":{"@id":"https:\/\/degrek.com\/de\/produkt\/candela-d65-4\/#primaryimage"},"image":{"@id":"https:\/\/degrek.com\/de\/produkt\/candela-d65-4\/#primaryimage"},"thumbnailUrl":"https:\/\/degrek.com\/wp-content\/uploads\/2019\/09\/candela-d65X.jpg","datePublished":"2019-09-24T07:10:00+00:00","dateModified":"2025-09-01T13:46:00+00:00","breadcrumb":{"@id":"https:\/\/degrek.com\/de\/produkt\/candela-d65-4\/#breadcrumb"},"inLanguage":"de","potentialAction":[{"@type":"ReadAction","target":["https:\/\/degrek.com\/de\/produkt\/candela-d65-4\/"]}]},{"@type":"ImageObject","inLanguage":"de","@id":"https:\/\/degrek.com\/de\/produkt\/candela-d65-4\/#primaryimage","url":"https:\/\/degrek.com\/wp-content\/uploads\/2019\/09\/candela-d65X.jpg","contentUrl":"https:\/\/degrek.com\/wp-content\/uploads\/2019\/09\/candela-d65X.jpg","width":2000,"height":2000},{"@type":"BreadcrumbList","@id":"https:\/\/degrek.com\/de\/produkt\/candela-d65-4\/#breadcrumb","itemListElement":[{"@type":"ListItem","position":1,"name":"Accueil","item":"https:\/\/degrek.com\/de\/"},{"@type":"ListItem","position":2,"name":"Alle unsere Produkte","item":"https:\/\/degrek.com\/de\/geschaft\/"},{"@type":"ListItem","position":3,"name":"Candela &#8211; D65.4"}]},{"@type":"WebSite","@id":"https:\/\/degrek.com\/de\/#website","url":"https:\/\/degrek.com\/de\/","name":"Degr\u00e9 K","description":"Zahn\u00e4rztliche Beleuchtung","potentialAction":[{"@type":"SearchAction","target":{"@type":"EntryPoint","urlTemplate":"https:\/\/degrek.com\/de\/?s={search_term_string}"},"query-input":{"@type":"PropertyValueSpecification","valueRequired":true,"valueName":"search_term_string"}}],"inLanguage":"de"}]}},"_links":{"self":[{"href":"https:\/\/degrek.com\/de\/wp-json\/wp\/v2\/product\/13056","targetHints":{"allow":["GET"]}}],"collection":[{"href":"https:\/\/degrek.com\/de\/wp-json\/wp\/v2\/product"}],"about":[{"href":"https:\/\/degrek.com\/de\/wp-json\/wp\/v2\/types\/product"}],"wp:featuredmedia":[{"embeddable":true,"href":"https:\/\/degrek.com\/de\/wp-json\/wp\/v2\/media\/16242"}],"wp:attachment":[{"href":"https:\/\/degrek.com\/de\/wp-json\/wp\/v2\/media?parent=13056"}],"wp:term":[{"taxonomy":"product_brand","embeddable":true,"href":"https:\/\/degrek.com\/de\/wp-json\/wp\/v2\/product_brand?post=13056"},{"taxonomy":"product_cat","embeddable":true,"href":"https:\/\/degrek.com\/de\/wp-json\/wp\/v2\/product_cat?post=13056"},{"taxonomy":"product_tag","embeddable":true,"href":"https:\/\/degrek.com\/de\/wp-json\/wp\/v2\/product_tag?post=13056"}],"curies":[{"name":"wp","href":"https:\/\/api.w.org\/{rel}","templated":true}]}}