{"id":12892,"date":"2020-03-02T19:43:45","date_gmt":"2020-03-02T18:43:45","guid":{"rendered":"https:\/\/degrek.com\/?page_id=12892"},"modified":"2020-10-29T15:43:27","modified_gmt":"2020-10-29T14:43:27","slug":"kaufoptionen","status":"publish","type":"page","link":"https:\/\/degrek.com\/de\/service\/listenpreis\/kaufoptionen\/","title":{"rendered":"Kaufoptionen"},"content":{"rendered":"[vc_row type=&#8220;in_container&#8220; full_screen_row_position=&#8220;middle&#8220; column_margin=&#8220;default&#8220; column_direction=&#8220;default&#8220; column_direction_tablet=&#8220;default&#8220; column_direction_phone=&#8220;default&#8220; scene_position=&#8220;center&#8220; bottom_padding=&#8220;150&#8243; text_color=&#8220;dark&#8220; text_align=&#8220;left&#8220; row_border_radius=&#8220;none&#8220; row_border_radius_applies=&#8220;bg&#8220; overlay_strength=&#8220;0.3&#8243; gradient_direction=&#8220;left_to_right&#8220; shape_divider_position=&#8220;bottom&#8220; bg_image_animation=&#8220;none&#8220; shape_type=&#8220;&#8220;][vc_column column_padding=&#8220;no-extra-padding&#8220; column_padding_tablet=&#8220;inherit&#8220; column_padding_phone=&#8220;inherit&#8220; column_padding_position=&#8220;all&#8220; background_color_opacity=&#8220;1&#8243; background_hover_color_opacity=&#8220;1&#8243; column_shadow=&#8220;none&#8220; column_border_radius=&#8220;none&#8220; column_link_target=&#8220;_self&#8220; gradient_direction=&#8220;left_to_right&#8220; overlay_strength=&#8220;0.3&#8243; width=&#8220;1\/6&#8243; tablet_width_inherit=&#8220;default&#8220; tablet_text_alignment=&#8220;default&#8220; phone_text_alignment=&#8220;default&#8220; column_border_width=&#8220;none&#8220; column_border_style=&#8220;solid&#8220; bg_image_animation=&#8220;none&#8220;][vc_widget_sidebar enable_sticky=&#8220;true&#8220; sidebar_id=&#8220;nectar-extra-sidebar&#8220;][\/vc_column][vc_column column_padding=&#8220;padding-2-percent&#8220; column_padding_tablet=&#8220;inherit&#8220; column_padding_phone=&#8220;inherit&#8220; column_padding_position=&#8220;left&#8220; background_color_opacity=&#8220;1&#8243; background_hover_color_opacity=&#8220;1&#8243; column_shadow=&#8220;none&#8220; column_border_radius=&#8220;none&#8220; column_link_target=&#8220;_self&#8220; gradient_direction=&#8220;left_to_right&#8220; overlay_strength=&#8220;0.3&#8243; width=&#8220;5\/6&#8243; tablet_width_inherit=&#8220;default&#8220; tablet_text_alignment=&#8220;default&#8220; phone_text_alignment=&#8220;default&#8220; column_border_width=&#8220;none&#8220; column_border_style=&#8220;solid&#8220; bg_image_animation=&#8220;none&#8220;][vc_column_text]\n<h4>Degr\u00e9 K gibt Ihnen die Freiheit, Ihre Beleuchtung allein oder inklusive Installation zu steuern.<\/h4>\n[\/vc_column_text][vc_row_inner column_margin=&#8220;default&#8220; column_direction=&#8220;default&#8220; column_direction_tablet=&#8220;default&#8220; column_direction_phone=&#8220;default&#8220; top_padding=&#8220;90&#8243; text_align=&#8220;left&#8220; el_id=&#8220;installe&#8220;][vc_column_inner column_padding=&#8220;no-extra-padding&#8220; column_padding_tablet=&#8220;inherit&#8220; column_padding_phone=&#8220;inherit&#8220; column_padding_position=&#8220;all&#8220; background_color_opacity=&#8220;1&#8243; background_hover_color_opacity=&#8220;1&#8243; column_shadow=&#8220;none&#8220; column_border_radius=&#8220;none&#8220; column_link_target=&#8220;_self&#8220; gradient_direction=&#8220;left_to_right&#8220; overlay_strength=&#8220;0.3&#8243; width=&#8220;1\/1&#8243; tablet_width_inherit=&#8220;default&#8220; column_border_width=&#8220;none&#8220; column_border_style=&#8220;solid&#8220; bg_image_animation=&#8220;none&#8220;][nectar_gradient_text heading_tag=&#8220;h3&#8243; color=&#8220;extra-color-gradient-1&#8243; gradient_direction=&#8220;horizontal&#8220; margin_top=&#8220;0&#8243; margin_bottom=&#8220;5&#8243; text=&#8220;Ich bestelle meine installierte Leuchte: Die All-Inclusive-Formel&#8220;][vc_column_text]Wenn Sie das Kontrollk\u00e4stchen &#8222;Kauf installiert&#8220; aktivieren, senden wir Ihre Bestellung an einen autorisierten H\u00e4ndler, der Sie kontaktiert, um Ihren Kauf abzuschlie\u00dfen: Unterschrift der Bestellung, Lieferdatum, Installation der Leuchte \u00dcberwachung des Produkts und seiner Garantie, falls erforderlich.<\/p>\n<p>Wie es funktioniert :<\/p>\n<p>Im Falle einer Kaufanfrage von einem autorisierten Degr\u00e9 K-H\u00e4ndler stellt die Zahlung von 200 \u20ac, die Sie an Degr\u00e9 K leisten, Ihre Verpflichtung dar, die Produkte, die Ihrem Warenkorb hinzugef\u00fcgt wurden, beim ausgew\u00e4hlten H\u00e4ndler zu kaufen. Wir werden Ihre Anzahlung so lange aufbewahren, bis unser autorisierter H\u00e4ndler Ihre Bestellung an uns best\u00e4tigt. Wir werden Ihnen diesen Betrag nach Best\u00e4tigung zur\u00fcckerstatten.<\/p>\n<p>Was ich bezahle:<\/p>\n<p>Der angegebene Preis ist alles inklusive. Die Leuchte wird von dem von Ihnen ausgew\u00e4hlten autorisierten H\u00e4ndler geliefert und an einer Decke angebracht, die f\u00fcr den Empfang der Leuchte bereit ist. Die endg\u00fcltige Rechnungsstellung zum angegebenen Preis erfolgt durch den autorisierten Vertriebspartner.<\/p>\n[\/vc_column_text][\/vc_column_inner][\/vc_row_inner][vc_row_inner column_margin=&#8220;default&#8220; column_direction=&#8220;default&#8220; column_direction_tablet=&#8220;default&#8220; column_direction_phone=&#8220;default&#8220; top_padding=&#8220;90&#8243; text_align=&#8220;left&#8220; el_id=&#8220;noninstalle&#8220;][vc_column_inner column_padding=&#8220;no-extra-padding&#8220; column_padding_tablet=&#8220;inherit&#8220; column_padding_phone=&#8220;inherit&#8220; column_padding_position=&#8220;all&#8220; background_color_opacity=&#8220;1&#8243; background_hover_color_opacity=&#8220;1&#8243; column_shadow=&#8220;none&#8220; column_border_radius=&#8220;none&#8220; column_link_target=&#8220;_self&#8220; gradient_direction=&#8220;left_to_right&#8220; overlay_strength=&#8220;0.3&#8243; width=&#8220;1\/1&#8243; tablet_width_inherit=&#8220;default&#8220; column_border_width=&#8220;none&#8220; column_border_style=&#8220;solid&#8220; bg_image_animation=&#8220;none&#8220;][nectar_gradient_text heading_tag=&#8220;h3&#8243; color=&#8220;extra-color-gradient-2&#8243; gradient_direction=&#8220;horizontal&#8220; text=&#8220;Ich bestelle meine Leuchte nicht installiert: Die billigste&#8220; margin_top=&#8220;0&#8243; margin_bottom=&#8220;5&#8243;][vc_column_text]Wenn Sie das K\u00e4stchen &#8222;<strong>Direktkauf nicht installiert&#8220;<\/strong> ankreuzen, liefern wir Ihre Beleuchtung direkt an Sie und lassen Ihnen die Freiheit, sie zu installieren oder nach Ihren W\u00fcnschen installieren zu lassen.<\/p>\n<p>Wie es funktioniert :<br \/>\nDie Installation unserer Leuchten ist schnell und einfach: Keine andere Stromversorgung als der Beleuchtungskreis Ihrer Praxis.<br \/>\nEin Handbuch wird mit dem Ger\u00e4t geliefert und steht Ihnen online zur Verf\u00fcgung. <a href=\"https:\/\/degrek.com\/de\/service\/downloadcenter\/\"><strong>Ich konsultiere die Anleitung<\/strong><\/a><\/p>\n<h5><strong>Was ich bezahle:<\/strong><\/h5>\n<p>Sie sparen 15%, wenn Sie sich um die Installation k\u00fcmmern. Der Preis beinhaltet nicht die Montage der Leuchte, die gem\u00e4\u00df der Montageanleitung durchgef\u00fchrt werden muss.<\/p>\n[\/vc_column_text][\/vc_column_inner][\/vc_row_inner][vc_row_inner column_margin=&#8220;default&#8220; column_direction=&#8220;default&#8220; column_direction_tablet=&#8220;default&#8220; column_direction_phone=&#8220;default&#8220; text_align=&#8220;left&#8220; el_id=&#8220;garantie&#8220;][vc_column_inner column_padding=&#8220;no-extra-padding&#8220; column_padding_tablet=&#8220;inherit&#8220; column_padding_phone=&#8220;inherit&#8220; column_padding_position=&#8220;all&#8220; background_color_opacity=&#8220;1&#8243; background_hover_color_opacity=&#8220;1&#8243; column_shadow=&#8220;none&#8220; column_border_radius=&#8220;none&#8220; column_link_target=&#8220;_self&#8220; gradient_direction=&#8220;left_to_right&#8220; overlay_strength=&#8220;0.3&#8243; width=&#8220;1\/1&#8243; tablet_width_inherit=&#8220;default&#8220; column_border_width=&#8220;none&#8220; column_border_style=&#8220;solid&#8220; bg_image_animation=&#8220;none&#8220;][nectar_gradient_text heading_tag=&#8220;h3&#8243; color=&#8220;extra-color-gradient-1&#8243; gradient_direction=&#8220;horizontal&#8220; text=&#8220;Kundendienst &amp; Garantie&#8220; margin_top=&#8220;50&#8243; margin_bottom=&#8220;5&#8243;][vc_column_text]Unabh\u00e4ngig davon, f\u00fcr welche Kaufoptionen Sie sich entscheiden, profitieren Sie von der vertraglichen Garantie. Sie k\u00f6nnen die Implementierung direkt bei DEGRE K gem\u00e4\u00df den Bestimmungen unserer AGB anfordern, wenn Sie die \u201enicht installierten\u201c Ger\u00e4te gekauft haben, oder beim autorisierten H\u00e4ndler, wenn Sie die \u201einstallierten\u201c Ger\u00e4te gekauft haben.<\/p>\n[\/vc_column_text][nectar_btn size=&#8220;medium&#8220; open_new_tab=&#8220;true&#8220; button_style=&#8220;see-through&#8220; button_color_2=&#8220;extra-color-gradient-1&#8243; icon_family=&#8220;none&#8220; url=&#8220;https:\/\/degrek.com\/support\/tarifs\/cgv\/&#8220; text=&#8220;Ich konsultiere die AGB&#8220; margin_top=&#8220;15&#8243; margin_bottom=&#8220;30&#8243;][\/vc_column_inner][\/vc_row_inner][\/vc_column][\/vc_row]\n","protected":false},"excerpt":{"rendered":"<p>[vc_row type=&#8220;in_container&#8220; full_screen_row_position=&#8220;middle&#8220; column_margin=&#8220;default&#8220; column_direction=&#8220;default&#8220; column_direction_tablet=&#8220;default&#8220; column_direction_phone=&#8220;default&#8220; scene_position=&#8220;center&#8220; bottom_padding=&#8220;150&#8243; text_color=&#8220;dark&#8220; text_align=&#8220;left&#8220; row_border_radius=&#8220;none&#8220; row_border_radius_applies=&#8220;bg&#8220; overlay_strength=&#8220;0.3&#8243; gradient_direction=&#8220;left_to_right&#8220; shape_divider_position=&#8220;bottom&#8220; bg_image_animation=&#8220;none&#8220; shape_type=&#8220;&#8220;][vc_column column_padding=&#8220;no-extra-padding&#8220; column_padding_tablet=&#8220;inherit&#8220; column_padding_phone=&#8220;inherit&#8220; column_padding_position=&#8220;all&#8220; background_color_opacity=&#8220;1&#8243; background_hover_color_opacity=&#8220;1&#8243; column_shadow=&#8220;none&#8220; column_border_radius=&#8220;none&#8220; column_link_target=&#8220;_self&#8220; gradient_direction=&#8220;left_to_right&#8220; overlay_strength=&#8220;0.3&#8243; width=&#8220;1\/6&#8243; tablet_width_inherit=&#8220;default&#8220; tablet_text_alignment=&#8220;default&#8220; phone_text_alignment=&#8220;default&#8220; column_border_width=&#8220;none&#8220; column_border_style=&#8220;solid&#8220; bg_image_animation=&#8220;none&#8220;][vc_widget_sidebar enable_sticky=&#8220;true&#8220; sidebar_id=&#8220;nectar-extra-sidebar&#8220;][\/vc_column][vc_column column_padding=&#8220;padding-2-percent&#8220; column_padding_tablet=&#8220;inherit&#8220; column_padding_phone=&#8220;inherit&#8220; column_padding_position=&#8220;left&#8220; background_color_opacity=&#8220;1&#8243; background_hover_color_opacity=&#8220;1&#8243; column_shadow=&#8220;none&#8220; column_border_radius=&#8220;none&#8220; column_link_target=&#8220;_self&#8220; gradient_direction=&#8220;left_to_right&#8220; overlay_strength=&#8220;0.3&#8243; width=&#8220;5\/6&#8243; tablet_width_inherit=&#8220;default&#8220; tablet_text_alignment=&#8220;default&#8220; phone_text_alignment=&#8220;default&#8220; column_border_width=&#8220;none&#8220; column_border_style=&#8220;solid&#8220; bg_image_animation=&#8220;none&#8220;][vc_column_text] Degr\u00e9 K gibt Ihnen&#8230;<\/p>\n","protected":false},"author":1,"featured_media":0,"parent":11553,"menu_order":0,"comment_status":"closed","ping_status":"closed","template":"","meta":{"footnotes":""},"class_list":["post-12892","page","type-page","status-publish"],"yoast_head":"<!-- This site is optimized with the Yoast SEO plugin v26.8 - https:\/\/yoast.com\/product\/yoast-seo-wordpress\/ -->\n<title>Kaufoptionen - Degr\u00e9 K<\/title>\n<meta name=\"robots\" content=\"index, follow, max-snippet:-1, max-image-preview:large, max-video-preview:-1\" \/>\n<link rel=\"canonical\" href=\"https:\/\/degrek.com\/de\/service\/listenpreis\/kaufoptionen\/\" \/>\n<meta property=\"og:locale\" content=\"de_DE\" \/>\n<meta property=\"og:type\" content=\"article\" \/>\n<meta property=\"og:title\" content=\"Kaufoptionen - Degr\u00e9 K\" \/>\n<meta property=\"og:description\" content=\"[vc_row type=&#8220;in_container&#8220; full_screen_row_position=&#8220;middle&#8220; column_margin=&#8220;default&#8220; column_direction=&#8220;default&#8220; column_direction_tablet=&#8220;default&#8220; column_direction_phone=&#8220;default&#8220; scene_position=&#8220;center&#8220; bottom_padding=&#8220;150&#8243; text_color=&#8220;dark&#8220; text_align=&#8220;left&#8220; row_border_radius=&#8220;none&#8220; row_border_radius_applies=&#8220;bg&#8220; overlay_strength=&#8220;0.3&#8243; gradient_direction=&#8220;left_to_right&#8220; shape_divider_position=&#8220;bottom&#8220; bg_image_animation=&#8220;none&#8220; shape_type=&#8220;&#8220;][vc_column column_padding=&#8220;no-extra-padding&#8220; column_padding_tablet=&#8220;inherit&#8220; column_padding_phone=&#8220;inherit&#8220; column_padding_position=&#8220;all&#8220; background_color_opacity=&#8220;1&#8243; background_hover_color_opacity=&#8220;1&#8243; column_shadow=&#8220;none&#8220; column_border_radius=&#8220;none&#8220; column_link_target=&#8220;_self&#8220; gradient_direction=&#8220;left_to_right&#8220; overlay_strength=&#8220;0.3&#8243; width=&#8220;1\/6&#8243; tablet_width_inherit=&#8220;default&#8220; tablet_text_alignment=&#8220;default&#8220; phone_text_alignment=&#8220;default&#8220; column_border_width=&#8220;none&#8220; column_border_style=&#8220;solid&#8220; bg_image_animation=&#8220;none&#8220;][vc_widget_sidebar enable_sticky=&#8220;true&#8220; sidebar_id=&#8220;nectar-extra-sidebar&#8220;][\/vc_column][vc_column column_padding=&#8220;padding-2-percent&#8220; column_padding_tablet=&#8220;inherit&#8220; column_padding_phone=&#8220;inherit&#8220; column_padding_position=&#8220;left&#8220; background_color_opacity=&#8220;1&#8243; background_hover_color_opacity=&#8220;1&#8243; column_shadow=&#8220;none&#8220; column_border_radius=&#8220;none&#8220; column_link_target=&#8220;_self&#8220; gradient_direction=&#8220;left_to_right&#8220; overlay_strength=&#8220;0.3&#8243; width=&#8220;5\/6&#8243; tablet_width_inherit=&#8220;default&#8220; tablet_text_alignment=&#8220;default&#8220; phone_text_alignment=&#8220;default&#8220; column_border_width=&#8220;none&#8220; column_border_style=&#8220;solid&#8220; bg_image_animation=&#8220;none&#8220;][vc_column_text] Degr\u00e9 K gibt Ihnen...\" \/>\n<meta property=\"og:url\" content=\"https:\/\/degrek.com\/de\/service\/listenpreis\/kaufoptionen\/\" \/>\n<meta property=\"og:site_name\" content=\"Degr\u00e9 K\" \/>\n<meta property=\"article:modified_time\" content=\"2020-10-29T14:43:27+00:00\" \/>\n<meta name=\"twitter:card\" content=\"summary_large_image\" \/>\n<meta name=\"twitter:label1\" content=\"Gesch\u00e4tzte Lesezeit\" \/>\n\t<meta name=\"twitter:data1\" content=\"5\u00a0Minuten\" \/>\n<script type=\"application\/ld+json\" class=\"yoast-schema-graph\">{\"@context\":\"https:\/\/schema.org\",\"@graph\":[{\"@type\":\"WebPage\",\"@id\":\"https:\/\/degrek.com\/de\/service\/listenpreis\/kaufoptionen\/\",\"url\":\"https:\/\/degrek.com\/de\/service\/listenpreis\/kaufoptionen\/\",\"name\":\"Kaufoptionen - Degr\u00e9 K\",\"isPartOf\":{\"@id\":\"https:\/\/degrek.com\/de\/#website\"},\"datePublished\":\"2020-03-02T18:43:45+00:00\",\"dateModified\":\"2020-10-29T14:43:27+00:00\",\"breadcrumb\":{\"@id\":\"https:\/\/degrek.com\/de\/service\/listenpreis\/kaufoptionen\/#breadcrumb\"},\"inLanguage\":\"de\",\"potentialAction\":[{\"@type\":\"ReadAction\",\"target\":[\"https:\/\/degrek.com\/de\/service\/listenpreis\/kaufoptionen\/\"]}]},{\"@type\":\"BreadcrumbList\",\"@id\":\"https:\/\/degrek.com\/de\/service\/listenpreis\/kaufoptionen\/#breadcrumb\",\"itemListElement\":[{\"@type\":\"ListItem\",\"position\":1,\"name\":\"Accueil\",\"item\":\"https:\/\/degrek.com\/de\/\"},{\"@type\":\"ListItem\",\"position\":2,\"name\":\"Service\",\"item\":\"https:\/\/degrek.com\/de\/service\/\"},{\"@type\":\"ListItem\",\"position\":3,\"name\":\"Listenpreis\",\"item\":\"https:\/\/degrek.com\/de\/service\/listenpreis\/\"},{\"@type\":\"ListItem\",\"position\":4,\"name\":\"Kaufoptionen\"}]},{\"@type\":\"WebSite\",\"@id\":\"https:\/\/degrek.com\/de\/#website\",\"url\":\"https:\/\/degrek.com\/de\/\",\"name\":\"Degr\u00e9 K\",\"description\":\"Zahn\u00e4rztliche Beleuchtung\",\"potentialAction\":[{\"@type\":\"SearchAction\",\"target\":{\"@type\":\"EntryPoint\",\"urlTemplate\":\"https:\/\/degrek.com\/de\/?s={search_term_string}\"},\"query-input\":{\"@type\":\"PropertyValueSpecification\",\"valueRequired\":true,\"valueName\":\"search_term_string\"}}],\"inLanguage\":\"de\"}]}<\/script>\n<!-- \/ Yoast SEO plugin. -->","yoast_head_json":{"title":"Kaufoptionen - Degr\u00e9 K","robots":{"index":"index","follow":"follow","max-snippet":"max-snippet:-1","max-image-preview":"max-image-preview:large","max-video-preview":"max-video-preview:-1"},"canonical":"https:\/\/degrek.com\/de\/service\/listenpreis\/kaufoptionen\/","og_locale":"de_DE","og_type":"article","og_title":"Kaufoptionen - Degr\u00e9 K","og_description":"[vc_row type=&#8220;in_container&#8220; full_screen_row_position=&#8220;middle&#8220; column_margin=&#8220;default&#8220; column_direction=&#8220;default&#8220; column_direction_tablet=&#8220;default&#8220; column_direction_phone=&#8220;default&#8220; scene_position=&#8220;center&#8220; bottom_padding=&#8220;150&#8243; text_color=&#8220;dark&#8220; text_align=&#8220;left&#8220; row_border_radius=&#8220;none&#8220; row_border_radius_applies=&#8220;bg&#8220; overlay_strength=&#8220;0.3&#8243; gradient_direction=&#8220;left_to_right&#8220; shape_divider_position=&#8220;bottom&#8220; bg_image_animation=&#8220;none&#8220; shape_type=&#8220;&#8220;][vc_column column_padding=&#8220;no-extra-padding&#8220; column_padding_tablet=&#8220;inherit&#8220; column_padding_phone=&#8220;inherit&#8220; column_padding_position=&#8220;all&#8220; background_color_opacity=&#8220;1&#8243; background_hover_color_opacity=&#8220;1&#8243; column_shadow=&#8220;none&#8220; column_border_radius=&#8220;none&#8220; column_link_target=&#8220;_self&#8220; gradient_direction=&#8220;left_to_right&#8220; overlay_strength=&#8220;0.3&#8243; width=&#8220;1\/6&#8243; tablet_width_inherit=&#8220;default&#8220; tablet_text_alignment=&#8220;default&#8220; phone_text_alignment=&#8220;default&#8220; column_border_width=&#8220;none&#8220; column_border_style=&#8220;solid&#8220; bg_image_animation=&#8220;none&#8220;][vc_widget_sidebar enable_sticky=&#8220;true&#8220; sidebar_id=&#8220;nectar-extra-sidebar&#8220;][\/vc_column][vc_column column_padding=&#8220;padding-2-percent&#8220; column_padding_tablet=&#8220;inherit&#8220; column_padding_phone=&#8220;inherit&#8220; column_padding_position=&#8220;left&#8220; background_color_opacity=&#8220;1&#8243; background_hover_color_opacity=&#8220;1&#8243; column_shadow=&#8220;none&#8220; column_border_radius=&#8220;none&#8220; column_link_target=&#8220;_self&#8220; gradient_direction=&#8220;left_to_right&#8220; overlay_strength=&#8220;0.3&#8243; width=&#8220;5\/6&#8243; tablet_width_inherit=&#8220;default&#8220; tablet_text_alignment=&#8220;default&#8220; phone_text_alignment=&#8220;default&#8220; column_border_width=&#8220;none&#8220; column_border_style=&#8220;solid&#8220; bg_image_animation=&#8220;none&#8220;][vc_column_text] Degr\u00e9 K gibt Ihnen...","og_url":"https:\/\/degrek.com\/de\/service\/listenpreis\/kaufoptionen\/","og_site_name":"Degr\u00e9 K","article_modified_time":"2020-10-29T14:43:27+00:00","twitter_card":"summary_large_image","twitter_misc":{"Gesch\u00e4tzte Lesezeit":"5\u00a0Minuten"},"schema":{"@context":"https:\/\/schema.org","@graph":[{"@type":"WebPage","@id":"https:\/\/degrek.com\/de\/service\/listenpreis\/kaufoptionen\/","url":"https:\/\/degrek.com\/de\/service\/listenpreis\/kaufoptionen\/","name":"Kaufoptionen - Degr\u00e9 K","isPartOf":{"@id":"https:\/\/degrek.com\/de\/#website"},"datePublished":"2020-03-02T18:43:45+00:00","dateModified":"2020-10-29T14:43:27+00:00","breadcrumb":{"@id":"https:\/\/degrek.com\/de\/service\/listenpreis\/kaufoptionen\/#breadcrumb"},"inLanguage":"de","potentialAction":[{"@type":"ReadAction","target":["https:\/\/degrek.com\/de\/service\/listenpreis\/kaufoptionen\/"]}]},{"@type":"BreadcrumbList","@id":"https:\/\/degrek.com\/de\/service\/listenpreis\/kaufoptionen\/#breadcrumb","itemListElement":[{"@type":"ListItem","position":1,"name":"Accueil","item":"https:\/\/degrek.com\/de\/"},{"@type":"ListItem","position":2,"name":"Service","item":"https:\/\/degrek.com\/de\/service\/"},{"@type":"ListItem","position":3,"name":"Listenpreis","item":"https:\/\/degrek.com\/de\/service\/listenpreis\/"},{"@type":"ListItem","position":4,"name":"Kaufoptionen"}]},{"@type":"WebSite","@id":"https:\/\/degrek.com\/de\/#website","url":"https:\/\/degrek.com\/de\/","name":"Degr\u00e9 K","description":"Zahn\u00e4rztliche Beleuchtung","potentialAction":[{"@type":"SearchAction","target":{"@type":"EntryPoint","urlTemplate":"https:\/\/degrek.com\/de\/?s={search_term_string}"},"query-input":{"@type":"PropertyValueSpecification","valueRequired":true,"valueName":"search_term_string"}}],"inLanguage":"de"}]}},"_links":{"self":[{"href":"https:\/\/degrek.com\/de\/wp-json\/wp\/v2\/pages\/12892","targetHints":{"allow":["GET"]}}],"collection":[{"href":"https:\/\/degrek.com\/de\/wp-json\/wp\/v2\/pages"}],"about":[{"href":"https:\/\/degrek.com\/de\/wp-json\/wp\/v2\/types\/page"}],"author":[{"embeddable":true,"href":"https:\/\/degrek.com\/de\/wp-json\/wp\/v2\/users\/1"}],"replies":[{"embeddable":true,"href":"https:\/\/degrek.com\/de\/wp-json\/wp\/v2\/comments?post=12892"}],"version-history":[{"count":0,"href":"https:\/\/degrek.com\/de\/wp-json\/wp\/v2\/pages\/12892\/revisions"}],"up":[{"embeddable":true,"href":"https:\/\/degrek.com\/de\/wp-json\/wp\/v2\/pages\/11553"}],"wp:attachment":[{"href":"https:\/\/degrek.com\/de\/wp-json\/wp\/v2\/media?parent=12892"}],"curies":[{"name":"wp","href":"https:\/\/api.w.org\/{rel}","templated":true}]}}