{"id":12876,"date":"2020-03-02T19:31:56","date_gmt":"2020-03-02T18:31:56","guid":{"rendered":"https:\/\/degrek.com\/?page_id=12876"},"modified":"2020-10-14T14:06:44","modified_gmt":"2020-10-14T13:06:44","slug":"faq","status":"publish","type":"page","link":"https:\/\/degrek.com\/de\/service\/faq\/","title":{"rendered":"Faq"},"content":{"rendered":"[vc_row type=&#8220;in_container&#8220; full_screen_row_position=&#8220;middle&#8220; scene_position=&#8220;center&#8220; text_color=&#8220;dark&#8220; text_align=&#8220;left&#8220; bottom_padding=&#8220;100&#8243; overlay_strength=&#8220;0.3&#8243; shape_divider_position=&#8220;bottom&#8220; bg_image_animation=&#8220;none&#8220; shape_type=&#8220;&#8220;][vc_column column_padding=&#8220;no-extra-padding&#8220; column_padding_position=&#8220;all&#8220; background_color_opacity=&#8220;1&#8243; background_hover_color_opacity=&#8220;1&#8243; column_link_target=&#8220;_self&#8220; column_shadow=&#8220;none&#8220; column_border_radius=&#8220;none&#8220; width=&#8220;1\/6&#8243; tablet_width_inherit=&#8220;default&#8220; tablet_text_alignment=&#8220;default&#8220; phone_text_alignment=&#8220;default&#8220; column_border_width=&#8220;none&#8220; column_border_style=&#8220;solid&#8220; bg_image_animation=&#8220;none&#8220;][vc_widget_sidebar enable_sticky=&#8220;true&#8220; sidebar_id=&#8220;nectar-extra-sidebar&#8220;][\/vc_column][vc_column column_padding=&#8220;padding-2-percent&#8220; column_padding_position=&#8220;left&#8220; background_color_opacity=&#8220;1&#8243; background_hover_color_opacity=&#8220;1&#8243; column_link_target=&#8220;_self&#8220; column_shadow=&#8220;none&#8220; column_border_radius=&#8220;none&#8220; width=&#8220;5\/6&#8243; tablet_width_inherit=&#8220;default&#8220; tablet_text_alignment=&#8220;default&#8220; phone_text_alignment=&#8220;default&#8220; column_border_width=&#8220;none&#8220; column_border_style=&#8220;solid&#8220; bg_image_animation=&#8220;none&#8220;][vc_column_text]\n<section id='' \n                class='helpie-faq accordions faq-toggle custom-styles' \n                data-collection='' \n                data-pagination='0' \n                data-search='0' \n                data-pagination-enabled='0'\n                role='region'\n                aria-label='FAQ Section'\n                aria-live='polite'><form class=\"search\" onSubmit=\"return false;\"><div class=\"search__wrapper\"><input type=\"text\" class=\"search__input\" aria-label=\"Search\" placeholder=\"Rechercher\"><span class=\"search__icon\"><svg class=\"svg-icon--search\" role=\"img\" xmlns=\"http:\/\/www.w3.org\/2000\/svg\" viewBox=\"0 0 22 22\">\r\n                        <g fill=\"none\" stroke=\"#171717\">\r\n                            <path stroke-linecap=\"square\" stroke-width=\"2\" d=\"M18.5 18.3l-5.4-5.4\"\/>\r\n                            <circle cx=\"8\" cy=\"8\" r=\"7\" stroke-width=\"2\"\/>\r\n                        <\/g>\r\n                    <\/svg><\/span><\/div><div class=\"search__message\"><\/div><\/form><article class=\"accordion \"><div class='helpie-faq-row'><div class='helpie-faq-col helpie-faq-col-12' ><ul><li class=\"accordion__item \"><div class=\"accordion__header \" \r\n                id=\"accordion-header-post-15565\"\r\n                role=\"button\"\r\n                aria-expanded=\"false\"\r\n                aria-controls=\"accordion-content-post-15565\"\r\n                data-id=\"post-15565\" \r\n                data-item=\"hfaq-post-15565\" \r\n                style=\"background:#FFFFFF;\" \r\n                data-tags=\"\"\r\n                tabindex=\"0\"><div class=\"accordion__title\">Wie ersetze ich die LEDs auf meine LOLE?<\/div><\/div><div id=\"accordion-content-post-15565\" \r\n                class=\"accordion__body\" \r\n                role=\"region\"\r\n                aria-labelledby=\"accordion-header-post-15565\"\r\n                style=\"background:#FCFCFC;\"><p><strong>LOL\u00e9 1<\/strong><\/p>\n<p>Es gibt leider kein Ersatzteil mehr.<\/p>\n<h5><strong>LOL\u00e9 2 et LOL\u00e9 3\u00a0:<\/strong><\/h5>\n<p>Bei Ausfall einer LED muss das fehlerhafte Opteled ausgetauscht werden (Optico-LED-Einheit bestehend aus 2 LEDs). Ref: LO2-OPTELED<br \/>\nEs gibt 2 Opteleds pro Kopf von LOL\u00e9. Wie bei Leuchtstoffr\u00f6hren gibt es nur minimale Farbunterschiede, je nachdem, welche Produktionen das Auge erkennen kann. Dies hat keinen Einfluss auf die Qualit\u00e4t des Beleuchtungspunkts.<\/p>\n<\/div><\/li><li class=\"accordion__item \"><div class=\"accordion__header \" \r\n                id=\"accordion-header-post-15567\"\r\n                role=\"button\"\r\n                aria-expanded=\"false\"\r\n                aria-controls=\"accordion-content-post-15567\"\r\n                data-id=\"post-15567\" \r\n                data-item=\"hfaq-post-15567\" \r\n                style=\"background:#FFFFFF;\" \r\n                data-tags=\"\"\r\n                tabindex=\"0\"><div class=\"accordion__title\">Der Diffusor meiner alten Albedo ist kaputt<\/div><\/div><div id=\"accordion-content-post-15567\" \r\n                class=\"accordion__body\" \r\n                role=\"region\"\r\n                aria-labelledby=\"accordion-header-post-15567\"\r\n                style=\"background:#FCFCFC;\"><p>Leider sind die Diffusoren der alten Ger\u00e4te (Alb\u00e9do 4 und 5, vor \u00fcber 12 Jahren eingestellt) nicht mehr verf\u00fcgbar: Der Lieferant produziert sie nicht mehr und wir sind nicht vorr\u00e4tig. Das tut uns sehr leid.<\/p>\n<p>Bei unseren Leuchten, die seit mehr als 10 Jahren stillgelegt sind, sind die Reparaturkosten wirtschaftlich unverh\u00e4ltnism\u00e4\u00dfig oder mangels Ersatzteilen sogar unm\u00f6glich. Dar\u00fcber hinaus wird es kurzfristig sehr schwierig sein, alle Quellen f\u00fcr die 965-R\u00f6hren-Deckenleuchten zu liefern, da die LED-Technologie sprunghaft voranschreitet und die Produktion weniger effizienter Quellen eingestellt wird.<\/p>\n<\/div><\/li><\/ul><\/div><\/div><\/article><\/section>\n[\/vc_column_text][\/vc_column][\/vc_row]\n","protected":false},"excerpt":{"rendered":"<p>[vc_row type=&#8220;in_container&#8220; full_screen_row_position=&#8220;middle&#8220; scene_position=&#8220;center&#8220; text_color=&#8220;dark&#8220; text_align=&#8220;left&#8220; bottom_padding=&#8220;100&#8243; overlay_strength=&#8220;0.3&#8243; shape_divider_position=&#8220;bottom&#8220; bg_image_animation=&#8220;none&#8220; shape_type=&#8220;&#8220;][vc_column column_padding=&#8220;no-extra-padding&#8220; column_padding_position=&#8220;all&#8220; background_color_opacity=&#8220;1&#8243; background_hover_color_opacity=&#8220;1&#8243; column_link_target=&#8220;_self&#8220; column_shadow=&#8220;none&#8220; column_border_radius=&#8220;none&#8220; width=&#8220;1\/6&#8243; tablet_width_inherit=&#8220;default&#8220; tablet_text_alignment=&#8220;default&#8220; phone_text_alignment=&#8220;default&#8220; column_border_width=&#8220;none&#8220; column_border_style=&#8220;solid&#8220; bg_image_animation=&#8220;none&#8220;][vc_widget_sidebar enable_sticky=&#8220;true&#8220; sidebar_id=&#8220;nectar-extra-sidebar&#8220;][\/vc_column][vc_column column_padding=&#8220;padding-2-percent&#8220; column_padding_position=&#8220;left&#8220; background_color_opacity=&#8220;1&#8243; background_hover_color_opacity=&#8220;1&#8243; column_link_target=&#8220;_self&#8220; column_shadow=&#8220;none&#8220; column_border_radius=&#8220;none&#8220; width=&#8220;5\/6&#8243; tablet_width_inherit=&#8220;default&#8220; tablet_text_alignment=&#8220;default&#8220; phone_text_alignment=&#8220;default&#8220; column_border_width=&#8220;none&#8220; column_border_style=&#8220;solid&#8220; bg_image_animation=&#8220;none&#8220;][vc_column_text][\/vc_column_text][\/vc_column][\/vc_row]<\/p>\n","protected":false},"author":1,"featured_media":0,"parent":12855,"menu_order":0,"comment_status":"closed","ping_status":"closed","template":"","meta":{"footnotes":""},"class_list":["post-12876","page","type-page","status-publish"],"yoast_head":"<!-- This site is optimized with the Yoast SEO plugin v26.8 - https:\/\/yoast.com\/product\/yoast-seo-wordpress\/ -->\n<title>Faq - Degr\u00e9 K<\/title>\n<meta name=\"robots\" content=\"index, follow, max-snippet:-1, max-image-preview:large, max-video-preview:-1\" \/>\n<link rel=\"canonical\" href=\"https:\/\/degrek.com\/de\/service\/faq\/\" \/>\n<meta property=\"og:locale\" content=\"de_DE\" \/>\n<meta property=\"og:type\" content=\"article\" \/>\n<meta property=\"og:title\" content=\"Faq - Degr\u00e9 K\" \/>\n<meta property=\"og:description\" content=\"[vc_row type=&#8220;in_container&#8220; full_screen_row_position=&#8220;middle&#8220; scene_position=&#8220;center&#8220; text_color=&#8220;dark&#8220; text_align=&#8220;left&#8220; bottom_padding=&#8220;100&#8243; overlay_strength=&#8220;0.3&#8243; shape_divider_position=&#8220;bottom&#8220; bg_image_animation=&#8220;none&#8220; shape_type=&#8220;&#8220;][vc_column column_padding=&#8220;no-extra-padding&#8220; column_padding_position=&#8220;all&#8220; background_color_opacity=&#8220;1&#8243; background_hover_color_opacity=&#8220;1&#8243; column_link_target=&#8220;_self&#8220; column_shadow=&#8220;none&#8220; column_border_radius=&#8220;none&#8220; width=&#8220;1\/6&#8243; tablet_width_inherit=&#8220;default&#8220; tablet_text_alignment=&#8220;default&#8220; phone_text_alignment=&#8220;default&#8220; column_border_width=&#8220;none&#8220; column_border_style=&#8220;solid&#8220; bg_image_animation=&#8220;none&#8220;][vc_widget_sidebar enable_sticky=&#8220;true&#8220; sidebar_id=&#8220;nectar-extra-sidebar&#8220;][\/vc_column][vc_column column_padding=&#8220;padding-2-percent&#8220; column_padding_position=&#8220;left&#8220; background_color_opacity=&#8220;1&#8243; background_hover_color_opacity=&#8220;1&#8243; column_link_target=&#8220;_self&#8220; column_shadow=&#8220;none&#8220; column_border_radius=&#8220;none&#8220; width=&#8220;5\/6&#8243; tablet_width_inherit=&#8220;default&#8220; tablet_text_alignment=&#8220;default&#8220; phone_text_alignment=&#8220;default&#8220; column_border_width=&#8220;none&#8220; column_border_style=&#8220;solid&#8220; bg_image_animation=&#8220;none&#8220;][vc_column_text][\/vc_column_text][\/vc_column][\/vc_row]\" \/>\n<meta property=\"og:url\" content=\"https:\/\/degrek.com\/de\/service\/faq\/\" \/>\n<meta property=\"og:site_name\" content=\"Degr\u00e9 K\" \/>\n<meta property=\"article:modified_time\" content=\"2020-10-14T13:06:44+00:00\" \/>\n<meta name=\"twitter:card\" content=\"summary_large_image\" \/>\n<meta name=\"twitter:label1\" content=\"Gesch\u00e4tzte Lesezeit\" \/>\n\t<meta name=\"twitter:data1\" content=\"1\u00a0Minute\" \/>\n<script type=\"application\/ld+json\" class=\"yoast-schema-graph\">{\"@context\":\"https:\/\/schema.org\",\"@graph\":[{\"@type\":\"WebPage\",\"@id\":\"https:\/\/degrek.com\/de\/service\/faq\/\",\"url\":\"https:\/\/degrek.com\/de\/service\/faq\/\",\"name\":\"Faq - Degr\u00e9 K\",\"isPartOf\":{\"@id\":\"https:\/\/degrek.com\/de\/#website\"},\"datePublished\":\"2020-03-02T18:31:56+00:00\",\"dateModified\":\"2020-10-14T13:06:44+00:00\",\"breadcrumb\":{\"@id\":\"https:\/\/degrek.com\/de\/service\/faq\/#breadcrumb\"},\"inLanguage\":\"de\",\"potentialAction\":[{\"@type\":\"ReadAction\",\"target\":[\"https:\/\/degrek.com\/de\/service\/faq\/\"]}]},{\"@type\":\"BreadcrumbList\",\"@id\":\"https:\/\/degrek.com\/de\/service\/faq\/#breadcrumb\",\"itemListElement\":[{\"@type\":\"ListItem\",\"position\":1,\"name\":\"Accueil\",\"item\":\"https:\/\/degrek.com\/de\/\"},{\"@type\":\"ListItem\",\"position\":2,\"name\":\"Service\",\"item\":\"https:\/\/degrek.com\/de\/service\/\"},{\"@type\":\"ListItem\",\"position\":3,\"name\":\"Faq\"}]},{\"@type\":\"WebSite\",\"@id\":\"https:\/\/degrek.com\/de\/#website\",\"url\":\"https:\/\/degrek.com\/de\/\",\"name\":\"Degr\u00e9 K\",\"description\":\"Zahn\u00e4rztliche Beleuchtung\",\"potentialAction\":[{\"@type\":\"SearchAction\",\"target\":{\"@type\":\"EntryPoint\",\"urlTemplate\":\"https:\/\/degrek.com\/de\/?s={search_term_string}\"},\"query-input\":{\"@type\":\"PropertyValueSpecification\",\"valueRequired\":true,\"valueName\":\"search_term_string\"}}],\"inLanguage\":\"de\"}]}<\/script>\n<!-- \/ Yoast SEO plugin. -->","yoast_head_json":{"title":"Faq - Degr\u00e9 K","robots":{"index":"index","follow":"follow","max-snippet":"max-snippet:-1","max-image-preview":"max-image-preview:large","max-video-preview":"max-video-preview:-1"},"canonical":"https:\/\/degrek.com\/de\/service\/faq\/","og_locale":"de_DE","og_type":"article","og_title":"Faq - Degr\u00e9 K","og_description":"[vc_row type=&#8220;in_container&#8220; full_screen_row_position=&#8220;middle&#8220; scene_position=&#8220;center&#8220; text_color=&#8220;dark&#8220; text_align=&#8220;left&#8220; bottom_padding=&#8220;100&#8243; overlay_strength=&#8220;0.3&#8243; shape_divider_position=&#8220;bottom&#8220; bg_image_animation=&#8220;none&#8220; shape_type=&#8220;&#8220;][vc_column column_padding=&#8220;no-extra-padding&#8220; column_padding_position=&#8220;all&#8220; background_color_opacity=&#8220;1&#8243; background_hover_color_opacity=&#8220;1&#8243; column_link_target=&#8220;_self&#8220; column_shadow=&#8220;none&#8220; column_border_radius=&#8220;none&#8220; width=&#8220;1\/6&#8243; tablet_width_inherit=&#8220;default&#8220; tablet_text_alignment=&#8220;default&#8220; phone_text_alignment=&#8220;default&#8220; column_border_width=&#8220;none&#8220; column_border_style=&#8220;solid&#8220; bg_image_animation=&#8220;none&#8220;][vc_widget_sidebar enable_sticky=&#8220;true&#8220; sidebar_id=&#8220;nectar-extra-sidebar&#8220;][\/vc_column][vc_column column_padding=&#8220;padding-2-percent&#8220; column_padding_position=&#8220;left&#8220; background_color_opacity=&#8220;1&#8243; background_hover_color_opacity=&#8220;1&#8243; column_link_target=&#8220;_self&#8220; column_shadow=&#8220;none&#8220; column_border_radius=&#8220;none&#8220; width=&#8220;5\/6&#8243; tablet_width_inherit=&#8220;default&#8220; tablet_text_alignment=&#8220;default&#8220; phone_text_alignment=&#8220;default&#8220; column_border_width=&#8220;none&#8220; column_border_style=&#8220;solid&#8220; bg_image_animation=&#8220;none&#8220;][vc_column_text][\/vc_column_text][\/vc_column][\/vc_row]","og_url":"https:\/\/degrek.com\/de\/service\/faq\/","og_site_name":"Degr\u00e9 K","article_modified_time":"2020-10-14T13:06:44+00:00","twitter_card":"summary_large_image","twitter_misc":{"Gesch\u00e4tzte Lesezeit":"1\u00a0Minute"},"schema":{"@context":"https:\/\/schema.org","@graph":[{"@type":"WebPage","@id":"https:\/\/degrek.com\/de\/service\/faq\/","url":"https:\/\/degrek.com\/de\/service\/faq\/","name":"Faq - Degr\u00e9 K","isPartOf":{"@id":"https:\/\/degrek.com\/de\/#website"},"datePublished":"2020-03-02T18:31:56+00:00","dateModified":"2020-10-14T13:06:44+00:00","breadcrumb":{"@id":"https:\/\/degrek.com\/de\/service\/faq\/#breadcrumb"},"inLanguage":"de","potentialAction":[{"@type":"ReadAction","target":["https:\/\/degrek.com\/de\/service\/faq\/"]}]},{"@type":"BreadcrumbList","@id":"https:\/\/degrek.com\/de\/service\/faq\/#breadcrumb","itemListElement":[{"@type":"ListItem","position":1,"name":"Accueil","item":"https:\/\/degrek.com\/de\/"},{"@type":"ListItem","position":2,"name":"Service","item":"https:\/\/degrek.com\/de\/service\/"},{"@type":"ListItem","position":3,"name":"Faq"}]},{"@type":"WebSite","@id":"https:\/\/degrek.com\/de\/#website","url":"https:\/\/degrek.com\/de\/","name":"Degr\u00e9 K","description":"Zahn\u00e4rztliche Beleuchtung","potentialAction":[{"@type":"SearchAction","target":{"@type":"EntryPoint","urlTemplate":"https:\/\/degrek.com\/de\/?s={search_term_string}"},"query-input":{"@type":"PropertyValueSpecification","valueRequired":true,"valueName":"search_term_string"}}],"inLanguage":"de"}]}},"_links":{"self":[{"href":"https:\/\/degrek.com\/de\/wp-json\/wp\/v2\/pages\/12876","targetHints":{"allow":["GET"]}}],"collection":[{"href":"https:\/\/degrek.com\/de\/wp-json\/wp\/v2\/pages"}],"about":[{"href":"https:\/\/degrek.com\/de\/wp-json\/wp\/v2\/types\/page"}],"author":[{"embeddable":true,"href":"https:\/\/degrek.com\/de\/wp-json\/wp\/v2\/users\/1"}],"replies":[{"embeddable":true,"href":"https:\/\/degrek.com\/de\/wp-json\/wp\/v2\/comments?post=12876"}],"version-history":[{"count":0,"href":"https:\/\/degrek.com\/de\/wp-json\/wp\/v2\/pages\/12876\/revisions"}],"up":[{"embeddable":true,"href":"https:\/\/degrek.com\/de\/wp-json\/wp\/v2\/pages\/12855"}],"wp:attachment":[{"href":"https:\/\/degrek.com\/de\/wp-json\/wp\/v2\/media?parent=12876"}],"curies":[{"name":"wp","href":"https:\/\/api.w.org\/{rel}","templated":true}]}}